{"id":910,"date":"2024-11-13T20:18:42","date_gmt":"2024-11-13T20:18:42","guid":{"rendered":"https:\/\/pedroabe.online\/?page_id=910"},"modified":"2025-09-09T17:56:03","modified_gmt":"2025-09-09T17:56:03","slug":"video-app-manole","status":"publish","type":"page","link":"https:\/\/pedroabe.online\/en\/video-app-manole\/","title":{"rendered":"Video: App Manole"},"content":{"rendered":"<div data-elementor-type=\"wp-page\" data-elementor-id=\"910\" class=\"elementor elementor-910\">\n\t\t\t\t<div class=\"elementor-element elementor-element-8d629e3 e-con-full e-flex elementor-invisible e-con e-parent\" data-id=\"8d629e3\" data-element_type=\"container\" data-e-type=\"container\" data-settings=\"{&quot;animation&quot;:&quot;fadeInDown&quot;}\">\n\t\t\t\t<div class=\"elementor-element elementor-element-c94464d elementor-widget__width-inherit elementor-invisible elementor-widget elementor-widget-image\" data-id=\"c94464d\" data-element_type=\"widget\" data-e-type=\"widget\" data-settings=\"{&quot;_animation&quot;:&quot;fadeInDown&quot;}\" data-widget_type=\"image.default\">\n\t\t\t\t<div class=\"elementor-widget-container\">\n\t\t\t\t\t\t\t\t\t\t\t\t\t\t\t<img fetchpriority=\"high\" decoding=\"async\" width=\"1920\" height=\"1280\" src=\"https:\/\/pedroabe.online\/wp-content\/uploads\/2024\/11\/abre-digital.png\" class=\"attachment-full size-full wp-image-919\" alt=\"\" srcset=\"https:\/\/pedroabe.online\/wp-content\/uploads\/2024\/11\/abre-digital.png 1920w, https:\/\/pedroabe.online\/wp-content\/uploads\/2024\/11\/abre-digital-300x200.png 300w, https:\/\/pedroabe.online\/wp-content\/uploads\/2024\/11\/abre-digital-1024x683.png 1024w, https:\/\/pedroabe.online\/wp-content\/uploads\/2024\/11\/abre-digital-768x512.png 768w, https:\/\/pedroabe.online\/wp-content\/uploads\/2024\/11\/abre-digital-1536x1024.png 1536w\" sizes=\"(max-width: 1920px) 100vw, 1920px\" \/>\t\t\t\t\t\t\t\t\t\t\t\t\t\t\t<\/div>\n\t\t\t\t<\/div>\n\t\t\t\t<div class=\"elementor-element elementor-element-82005b8 elementor-widget elementor-widget-spacer\" data-id=\"82005b8\" data-element_type=\"widget\" data-e-type=\"widget\" data-widget_type=\"spacer.default\">\n\t\t\t\t<div class=\"elementor-widget-container\">\n\t\t\t\t\t\t\t<div class=\"elementor-spacer\">\n\t\t\t<div class=\"elementor-spacer-inner\"><\/div>\n\t\t<\/div>\n\t\t\t\t\t\t<\/div>\n\t\t\t\t<\/div>\n\t\t\t\t<\/div>\n\t\t<div class=\"elementor-element elementor-element-0dd2aaa e-grid e-con-boxed e-con e-parent\" data-id=\"0dd2aaa\" data-element_type=\"container\" data-e-type=\"container\">\n\t\t\t\t\t<div class=\"e-con-inner\">\n\t\t\t\t<div class=\"elementor-element elementor-element-b4c8097 elementor-widget elementor-widget-video\" data-id=\"b4c8097\" data-element_type=\"widget\" data-e-type=\"widget\" data-settings=\"{&quot;youtube_url&quot;:&quot;https:\\\/\\\/youtube.com\\\/embed\\\/C2zsb56Mv2g&quot;,&quot;video_type&quot;:&quot;youtube&quot;,&quot;controls&quot;:&quot;yes&quot;}\" data-widget_type=\"video.default\">\n\t\t\t\t<div class=\"elementor-widget-container\">\n\t\t\t\t\t\t\t<div class=\"elementor-wrapper elementor-open-inline\">\n\t\t\t<div class=\"elementor-video\"><\/div>\t\t<\/div>\n\t\t\t\t\t\t<\/div>\n\t\t\t\t<\/div>\n\t\t\t\t<div class=\"elementor-element elementor-element-ffa4c42 elementor-widget elementor-widget-text-editor\" data-id=\"ffa4c42\" data-element_type=\"widget\" data-e-type=\"widget\" data-widget_type=\"text-editor.default\">\n\t\t\t\t<div class=\"elementor-widget-container\">\n\t\t\t\t\t\t\t\t\t<p><span style=\"font-weight: 400;\">In June 2024, I started an internship at a company called Manole. My work there involved handling <\/span><i><span style=\"font-weight: 400;\">Motion Design<\/span><\/i><span style=\"font-weight: 400;\">projects. One of the projects I worked on was a promotional animation video for their upcoming <\/span><i><span style=\"font-weight: 400;\">online <\/span><\/i><span style=\"font-weight: 400;\">courses app.<\/span><\/p><p><span style=\"font-weight: 400;\">For the video, I was given the recorded narration and the time limit. I had several meetings with the editing team, and based on those, I made adjustments to the video until we reached the final result.<\/span><\/p>\t\t\t\t\t\t\t\t<\/div>\n\t\t\t\t<\/div>\n\t\t\t\t\t<\/div>\n\t\t\t\t<\/div>\n\t\t<div class=\"elementor-element elementor-element-3efa60d e-flex e-con-boxed e-con e-parent\" data-id=\"3efa60d\" data-element_type=\"container\" data-e-type=\"container\">\n\t\t\t\t\t<div class=\"e-con-inner\">\n\t\t\t\t<div class=\"elementor-element elementor-element-a887e44 elementor-widget elementor-widget-spacer\" data-id=\"a887e44\" data-element_type=\"widget\" data-e-type=\"widget\" data-widget_type=\"spacer.default\">\n\t\t\t\t<div class=\"elementor-widget-container\">\n\t\t\t\t\t\t\t<div class=\"elementor-spacer\">\n\t\t\t<div class=\"elementor-spacer-inner\"><\/div>\n\t\t<\/div>\n\t\t\t\t\t\t<\/div>\n\t\t\t\t<\/div>\n\t\t\t\t\t<\/div>\n\t\t\t\t<\/div>\n\t\t<div class=\"elementor-element elementor-element-dfb6f6b e-flex e-con-boxed e-con e-parent\" data-id=\"dfb6f6b\" data-element_type=\"container\" data-e-type=\"container\">\n\t\t\t\t\t<div class=\"e-con-inner\">\n\t\t<div class=\"elementor-element elementor-element-3f90b99 e-con-full e-flex e-con e-child\" data-id=\"3f90b99\" data-element_type=\"container\" data-e-type=\"container\">\n\t\t<div class=\"elementor-element elementor-element-37103fa e-con-full e-flex e-con e-child\" data-id=\"37103fa\" data-element_type=\"container\" data-e-type=\"container\">\n\t\t\t\t<div class=\"elementor-element elementor-element-9b29452 elementor-widget elementor-widget-image\" data-id=\"9b29452\" data-element_type=\"widget\" data-e-type=\"widget\" data-widget_type=\"image.default\">\n\t\t\t\t<div class=\"elementor-widget-container\">\n\t\t\t\t\t\t\t\t\t\t\t\t\t\t\t\t<a href=\"https:\/\/pedroabe.online\/en\/roomba\/\">\n\t\t\t\t\t\t\t<img decoding=\"async\" width=\"150\" height=\"150\" src=\"https:\/\/pedroabe.online\/wp-content\/uploads\/2024\/11\/Seta-L-150x150.png\" class=\"elementor-animation-grow attachment-thumbnail size-thumbnail wp-image-433\" alt=\"\" srcset=\"https:\/\/pedroabe.online\/wp-content\/uploads\/2024\/11\/Seta-L-150x150.png 150w, https:\/\/pedroabe.online\/wp-content\/uploads\/2024\/11\/Seta-L-300x300.png 300w, https:\/\/pedroabe.online\/wp-content\/uploads\/2024\/11\/Seta-L-1024x1024.png 1024w, https:\/\/pedroabe.online\/wp-content\/uploads\/2024\/11\/Seta-L-768x768.png 768w, https:\/\/pedroabe.online\/wp-content\/uploads\/2024\/11\/Seta-L.png 1080w\" sizes=\"(max-width: 150px) 100vw, 150px\" \/>\t\t\t\t\t\t\t\t<\/a>\n\t\t\t\t\t\t\t\t\t\t\t\t\t\t\t<\/div>\n\t\t\t\t<\/div>\n\t\t\t\t<\/div>\n\t\t<div class=\"elementor-element elementor-element-2c572f0 e-con-full e-flex e-con e-child\" data-id=\"2c572f0\" data-element_type=\"container\" data-e-type=\"container\">\n\t\t\t\t<div class=\"elementor-element elementor-element-8826747 elementor-widget elementor-widget-image\" data-id=\"8826747\" data-element_type=\"widget\" data-e-type=\"widget\" data-widget_type=\"image.default\">\n\t\t\t\t<div class=\"elementor-widget-container\">\n\t\t\t\t\t\t\t\t\t\t\t\t\t\t\t\t<a href=\"https:\/\/pedroabe.online\/en\/presas\/\">\n\t\t\t\t\t\t\t<img decoding=\"async\" width=\"150\" height=\"150\" src=\"https:\/\/pedroabe.online\/wp-content\/uploads\/2024\/11\/Seta-R-150x150.png\" class=\"elementor-animation-grow attachment-thumbnail size-thumbnail wp-image-434\" alt=\"\" srcset=\"https:\/\/pedroabe.online\/wp-content\/uploads\/2024\/11\/Seta-R-150x150.png 150w, https:\/\/pedroabe.online\/wp-content\/uploads\/2024\/11\/Seta-R-300x300.png 300w, https:\/\/pedroabe.online\/wp-content\/uploads\/2024\/11\/Seta-R-1024x1024.png 1024w, https:\/\/pedroabe.online\/wp-content\/uploads\/2024\/11\/Seta-R-768x768.png 768w, https:\/\/pedroabe.online\/wp-content\/uploads\/2024\/11\/Seta-R.png 1080w\" sizes=\"(max-width: 150px) 100vw, 150px\" \/>\t\t\t\t\t\t\t\t<\/a>\n\t\t\t\t\t\t\t\t\t\t\t\t\t\t\t<\/div>\n\t\t\t\t<\/div>\n\t\t\t\t<\/div>\n\t\t\t\t<\/div>\n\t\t\t\t\t<\/div>\n\t\t\t\t<\/div>\n\t\t\t\t<\/div>","protected":false},"excerpt":{"rendered":"<p>https:\/\/youtube.com\/embed\/C2zsb56Mv2g Em junho de\u00a0 2024 iniciei um est\u00e1gio em uma empresa chamada Manole. No trabalho, eu resolvia as demandas de Motion Design. Um dos projetos que fiz, foi um v\u00eddeo promocional de anima\u00e7\u00e3o para o aplicativo de cursos online que iam lan\u00e7ar. Para o v\u00eddeo, me entregaram a grava\u00e7\u00e3o da narra\u00e7\u00e3o e o tempo limite. [&hellip;]<\/p>\n","protected":false},"author":1,"featured_media":0,"parent":0,"menu_order":0,"comment_status":"closed","ping_status":"closed","template":"","meta":{"nf_dc_page":"","footnotes":""},"class_list":["post-910","page","type-page","status-publish","hentry"],"yoast_head":"<!-- This site is optimized with the Yoast SEO plugin v27.4 - https:\/\/yoast.com\/product\/yoast-seo-wordpress\/ -->\n<title>V\u00eddeo App Manole - Pedro Abe - Portfolio<\/title>\n<meta name=\"robots\" content=\"index, follow, max-snippet:-1, max-image-preview:large, max-video-preview:-1\" \/>\n<link rel=\"canonical\" href=\"https:\/\/pedroabe.online\/en\/video-app-manole\/\" \/>\n<meta property=\"og:locale\" content=\"en_US\" \/>\n<meta property=\"og:type\" content=\"article\" \/>\n<meta property=\"og:title\" content=\"V\u00eddeo App Manole - Pedro Abe - Portfolio\" \/>\n<meta property=\"og:description\" content=\"https:\/\/youtube.com\/embed\/C2zsb56Mv2g Em junho de\u00a0 2024 iniciei um est\u00e1gio em uma empresa chamada Manole. No trabalho, eu resolvia as demandas de Motion Design. Um dos projetos que fiz, foi um v\u00eddeo promocional de anima\u00e7\u00e3o para o aplicativo de cursos online que iam lan\u00e7ar. Para o v\u00eddeo, me entregaram a grava\u00e7\u00e3o da narra\u00e7\u00e3o e o tempo limite. [&hellip;]\" \/>\n<meta property=\"og:url\" content=\"https:\/\/pedroabe.online\/en\/video-app-manole\/\" \/>\n<meta property=\"og:site_name\" content=\"Pedro Abe - Portfolio\" \/>\n<meta property=\"article:modified_time\" content=\"2025-09-09T17:56:03+00:00\" \/>\n<meta property=\"og:image\" content=\"https:\/\/pedroabe.online\/wp-content\/uploads\/2024\/11\/abre-digital.png\" \/>\n\t<meta property=\"og:image:width\" content=\"1920\" \/>\n\t<meta property=\"og:image:height\" content=\"1280\" \/>\n\t<meta property=\"og:image:type\" content=\"image\/png\" \/>\n<meta name=\"twitter:card\" content=\"summary_large_image\" \/>\n<meta name=\"twitter:label1\" content=\"Est. reading time\" \/>\n\t<meta name=\"twitter:data1\" content=\"1 minute\" \/>\n<script type=\"application\/ld+json\" class=\"yoast-schema-graph\">{\"@context\":\"https:\\\/\\\/schema.org\",\"@graph\":[{\"@type\":\"WebPage\",\"@id\":\"https:\\\/\\\/pedroabe.online\\\/video-app-manole\\\/\",\"url\":\"https:\\\/\\\/pedroabe.online\\\/video-app-manole\\\/\",\"name\":\"V\u00eddeo App Manole - Pedro Abe - Portfolio\",\"isPartOf\":{\"@id\":\"https:\\\/\\\/pedroabe.online\\\/#website\"},\"primaryImageOfPage\":{\"@id\":\"https:\\\/\\\/pedroabe.online\\\/video-app-manole\\\/#primaryimage\"},\"image\":{\"@id\":\"https:\\\/\\\/pedroabe.online\\\/video-app-manole\\\/#primaryimage\"},\"thumbnailUrl\":\"https:\\\/\\\/pedroabe.online\\\/wp-content\\\/uploads\\\/2024\\\/11\\\/abre-digital.png\",\"datePublished\":\"2024-11-13T20:18:42+00:00\",\"dateModified\":\"2025-09-09T17:56:03+00:00\",\"breadcrumb\":{\"@id\":\"https:\\\/\\\/pedroabe.online\\\/video-app-manole\\\/#breadcrumb\"},\"inLanguage\":\"en-US\",\"potentialAction\":[{\"@type\":\"ReadAction\",\"target\":[\"https:\\\/\\\/pedroabe.online\\\/video-app-manole\\\/\"]}]},{\"@type\":\"ImageObject\",\"inLanguage\":\"en-US\",\"@id\":\"https:\\\/\\\/pedroabe.online\\\/video-app-manole\\\/#primaryimage\",\"url\":\"https:\\\/\\\/pedroabe.online\\\/wp-content\\\/uploads\\\/2024\\\/11\\\/abre-digital.png\",\"contentUrl\":\"https:\\\/\\\/pedroabe.online\\\/wp-content\\\/uploads\\\/2024\\\/11\\\/abre-digital.png\"},{\"@type\":\"BreadcrumbList\",\"@id\":\"https:\\\/\\\/pedroabe.online\\\/video-app-manole\\\/#breadcrumb\",\"itemListElement\":[{\"@type\":\"ListItem\",\"position\":1,\"name\":\"Home\",\"item\":\"https:\\\/\\\/pedroabe.online\\\/\"},{\"@type\":\"ListItem\",\"position\":2,\"name\":\"V\u00eddeo App Manole\"}]},{\"@type\":\"WebSite\",\"@id\":\"https:\\\/\\\/pedroabe.online\\\/#website\",\"url\":\"https:\\\/\\\/pedroabe.online\\\/\",\"name\":\"Pedro Abe - Portfolio\",\"description\":\"\",\"publisher\":{\"@id\":\"https:\\\/\\\/pedroabe.online\\\/#organization\"},\"potentialAction\":[{\"@type\":\"SearchAction\",\"target\":{\"@type\":\"EntryPoint\",\"urlTemplate\":\"https:\\\/\\\/pedroabe.online\\\/?s={search_term_string}\"},\"query-input\":{\"@type\":\"PropertyValueSpecification\",\"valueRequired\":true,\"valueName\":\"search_term_string\"}}],\"inLanguage\":\"en-US\"},{\"@type\":\"Organization\",\"@id\":\"https:\\\/\\\/pedroabe.online\\\/#organization\",\"name\":\"Pedro Abe - Portfolio\",\"url\":\"https:\\\/\\\/pedroabe.online\\\/\",\"logo\":{\"@type\":\"ImageObject\",\"inLanguage\":\"en-US\",\"@id\":\"https:\\\/\\\/pedroabe.online\\\/#\\\/schema\\\/logo\\\/image\\\/\",\"url\":\"https:\\\/\\\/pedroabe.online\\\/wp-content\\\/uploads\\\/2024\\\/10\\\/cropped-cropped-polpo.png\",\"contentUrl\":\"https:\\\/\\\/pedroabe.online\\\/wp-content\\\/uploads\\\/2024\\\/10\\\/cropped-cropped-polpo.png\",\"width\":372,\"height\":284,\"caption\":\"Pedro Abe - Portfolio\"},\"image\":{\"@id\":\"https:\\\/\\\/pedroabe.online\\\/#\\\/schema\\\/logo\\\/image\\\/\"}}]}<\/script>\n<!-- \/ Yoast SEO plugin. -->","yoast_head_json":{"title":"V\u00eddeo App Manole - Pedro Abe - Portfolio","robots":{"index":"index","follow":"follow","max-snippet":"max-snippet:-1","max-image-preview":"max-image-preview:large","max-video-preview":"max-video-preview:-1"},"canonical":"https:\/\/pedroabe.online\/en\/video-app-manole\/","og_locale":"en_US","og_type":"article","og_title":"V\u00eddeo App Manole - Pedro Abe - Portfolio","og_description":"https:\/\/youtube.com\/embed\/C2zsb56Mv2g Em junho de\u00a0 2024 iniciei um est\u00e1gio em uma empresa chamada Manole. No trabalho, eu resolvia as demandas de Motion Design. Um dos projetos que fiz, foi um v\u00eddeo promocional de anima\u00e7\u00e3o para o aplicativo de cursos online que iam lan\u00e7ar. Para o v\u00eddeo, me entregaram a grava\u00e7\u00e3o da narra\u00e7\u00e3o e o tempo limite. [&hellip;]","og_url":"https:\/\/pedroabe.online\/en\/video-app-manole\/","og_site_name":"Pedro Abe - Portfolio","article_modified_time":"2025-09-09T17:56:03+00:00","og_image":[{"width":1920,"height":1280,"url":"https:\/\/pedroabe.online\/wp-content\/uploads\/2024\/11\/abre-digital.png","type":"image\/png"}],"twitter_card":"summary_large_image","twitter_misc":{"Est. reading time":"1 minute"},"schema":{"@context":"https:\/\/schema.org","@graph":[{"@type":"WebPage","@id":"https:\/\/pedroabe.online\/video-app-manole\/","url":"https:\/\/pedroabe.online\/video-app-manole\/","name":"V\u00eddeo App Manole - Pedro Abe - Portfolio","isPartOf":{"@id":"https:\/\/pedroabe.online\/#website"},"primaryImageOfPage":{"@id":"https:\/\/pedroabe.online\/video-app-manole\/#primaryimage"},"image":{"@id":"https:\/\/pedroabe.online\/video-app-manole\/#primaryimage"},"thumbnailUrl":"https:\/\/pedroabe.online\/wp-content\/uploads\/2024\/11\/abre-digital.png","datePublished":"2024-11-13T20:18:42+00:00","dateModified":"2025-09-09T17:56:03+00:00","breadcrumb":{"@id":"https:\/\/pedroabe.online\/video-app-manole\/#breadcrumb"},"inLanguage":"en-US","potentialAction":[{"@type":"ReadAction","target":["https:\/\/pedroabe.online\/video-app-manole\/"]}]},{"@type":"ImageObject","inLanguage":"en-US","@id":"https:\/\/pedroabe.online\/video-app-manole\/#primaryimage","url":"https:\/\/pedroabe.online\/wp-content\/uploads\/2024\/11\/abre-digital.png","contentUrl":"https:\/\/pedroabe.online\/wp-content\/uploads\/2024\/11\/abre-digital.png"},{"@type":"BreadcrumbList","@id":"https:\/\/pedroabe.online\/video-app-manole\/#breadcrumb","itemListElement":[{"@type":"ListItem","position":1,"name":"Home","item":"https:\/\/pedroabe.online\/"},{"@type":"ListItem","position":2,"name":"V\u00eddeo App Manole"}]},{"@type":"WebSite","@id":"https:\/\/pedroabe.online\/#website","url":"https:\/\/pedroabe.online\/","name":"Pedro Abe - Portfolio","description":"","publisher":{"@id":"https:\/\/pedroabe.online\/#organization"},"potentialAction":[{"@type":"SearchAction","target":{"@type":"EntryPoint","urlTemplate":"https:\/\/pedroabe.online\/?s={search_term_string}"},"query-input":{"@type":"PropertyValueSpecification","valueRequired":true,"valueName":"search_term_string"}}],"inLanguage":"en-US"},{"@type":"Organization","@id":"https:\/\/pedroabe.online\/#organization","name":"Pedro Abe - Portfolio","url":"https:\/\/pedroabe.online\/","logo":{"@type":"ImageObject","inLanguage":"en-US","@id":"https:\/\/pedroabe.online\/#\/schema\/logo\/image\/","url":"https:\/\/pedroabe.online\/wp-content\/uploads\/2024\/10\/cropped-cropped-polpo.png","contentUrl":"https:\/\/pedroabe.online\/wp-content\/uploads\/2024\/10\/cropped-cropped-polpo.png","width":372,"height":284,"caption":"Pedro Abe - Portfolio"},"image":{"@id":"https:\/\/pedroabe.online\/#\/schema\/logo\/image\/"}}]}},"_links":{"self":[{"href":"https:\/\/pedroabe.online\/en\/wp-json\/wp\/v2\/pages\/910","targetHints":{"allow":["GET"]}}],"collection":[{"href":"https:\/\/pedroabe.online\/en\/wp-json\/wp\/v2\/pages"}],"about":[{"href":"https:\/\/pedroabe.online\/en\/wp-json\/wp\/v2\/types\/page"}],"author":[{"embeddable":true,"href":"https:\/\/pedroabe.online\/en\/wp-json\/wp\/v2\/users\/1"}],"replies":[{"embeddable":true,"href":"https:\/\/pedroabe.online\/en\/wp-json\/wp\/v2\/comments?post=910"}],"version-history":[{"count":5,"href":"https:\/\/pedroabe.online\/en\/wp-json\/wp\/v2\/pages\/910\/revisions"}],"predecessor-version":[{"id":1570,"href":"https:\/\/pedroabe.online\/en\/wp-json\/wp\/v2\/pages\/910\/revisions\/1570"}],"wp:attachment":[{"href":"https:\/\/pedroabe.online\/en\/wp-json\/wp\/v2\/media?parent=910"}],"curies":[{"name":"wp","href":"https:\/\/api.w.org\/{rel}","templated":true}]}}