{"id":648,"date":"2024-11-07T02:02:44","date_gmt":"2024-11-07T02:02:44","guid":{"rendered":"https:\/\/pedroabe.online\/?page_id=648"},"modified":"2024-11-20T18:50:44","modified_gmt":"2024-11-20T18:50:44","slug":"manchas","status":"publish","type":"page","link":"https:\/\/pedroabe.online\/en\/manchas\/","title":{"rendered":"Brushstrokes"},"content":{"rendered":"<div data-elementor-type=\"wp-page\" data-elementor-id=\"648\" class=\"elementor elementor-648\">\n\t\t\t\t<div class=\"elementor-element elementor-element-0ed5ba9 e-flex e-con-boxed e-con e-parent\" data-id=\"0ed5ba9\" data-element_type=\"container\" data-e-type=\"container\">\n\t\t\t\t\t<div class=\"e-con-inner\">\n\t\t\t\t<div class=\"elementor-element elementor-element-2b55f0b elementor-widget elementor-widget-spacer\" data-id=\"2b55f0b\" data-element_type=\"widget\" data-e-type=\"widget\" data-widget_type=\"spacer.default\">\n\t\t\t\t<div class=\"elementor-widget-container\">\n\t\t\t\t\t\t\t<div class=\"elementor-spacer\">\n\t\t\t<div class=\"elementor-spacer-inner\"><\/div>\n\t\t<\/div>\n\t\t\t\t\t\t<\/div>\n\t\t\t\t<\/div>\n\t\t\t\t\t<\/div>\n\t\t\t\t<\/div>\n\t\t<div class=\"elementor-element elementor-element-0fc42ee e-flex e-con-boxed e-con e-parent\" data-id=\"0fc42ee\" data-element_type=\"container\" data-e-type=\"container\">\n\t\t\t\t\t<div class=\"e-con-inner\">\n\t\t<div class=\"elementor-element elementor-element-0b198b3 e-con-full e-flex e-con e-child\" data-id=\"0b198b3\" data-element_type=\"container\" data-e-type=\"container\">\n\t\t\t\t<div class=\"elementor-element elementor-element-64763cc elementor-widget elementor-widget-button\" data-id=\"64763cc\" data-element_type=\"widget\" data-e-type=\"widget\" data-widget_type=\"button.default\">\n\t\t\t\t<div class=\"elementor-widget-container\">\n\t\t\t\t\t\t\t\t\t<div class=\"elementor-button-wrapper\">\n\t\t\t\t\t<a class=\"elementor-button elementor-button-link elementor-size-sm\" href=\"https:\/\/pedroabe.online\/en\/ilustracoes\/\">\n\t\t\t\t\t\t<span class=\"elementor-button-content-wrapper\">\n\t\t\t\t\t\t<span class=\"elementor-button-icon\">\n\t\t\t\t<i aria-hidden=\"true\" class=\"icon icon-squares\"><\/i>\t\t\t<\/span>\n\t\t\t\t\t\t\t\t\t<span class=\"elementor-button-text\">Gallery<\/span>\n\t\t\t\t\t<\/span>\n\t\t\t\t\t<\/a>\n\t\t\t\t<\/div>\n\t\t\t\t\t\t\t\t<\/div>\n\t\t\t\t<\/div>\n\t\t\t\t<\/div>\n\t\t<div class=\"elementor-element elementor-element-803f91d e-con-full e-flex e-con e-child\" data-id=\"803f91d\" data-element_type=\"container\" data-e-type=\"container\">\n\t\t\t\t<\/div>\n\t\t\t\t\t<\/div>\n\t\t\t\t<\/div>\n\t\t<div class=\"elementor-element elementor-element-d7f537f e-flex e-con-boxed e-con e-parent\" data-id=\"d7f537f\" data-element_type=\"container\" data-e-type=\"container\">\n\t\t\t\t\t<div class=\"e-con-inner\">\n\t\t\t\t<div class=\"elementor-element elementor-element-9c24389 elementor-widget elementor-widget-image\" data-id=\"9c24389\" data-element_type=\"widget\" data-e-type=\"widget\" data-widget_type=\"image.default\">\n\t\t\t\t<div class=\"elementor-widget-container\">\n\t\t\t\t\t\t\t\t\t\t\t\t\t\t\t\t<a href=\"https:\/\/pedroabe.online\/wp-content\/uploads\/2024\/11\/Manchas.png\" data-elementor-open-lightbox=\"yes\" data-elementor-lightbox-title=\"Manchas\" data-e-action-hash=\"#elementor-action%3Aaction%3Dlightbox%26settings%3DeyJpZCI6NjU0LCJ1cmwiOiJodHRwczpcL1wvcGVkcm9hYmUub25saW5lXC93cC1jb250ZW50XC91cGxvYWRzXC8yMDI0XC8xMVwvTWFuY2hhcy5wbmcifQ%3D%3D\">\n\t\t\t\t\t\t\t<img fetchpriority=\"high\" decoding=\"async\" width=\"3780\" height=\"2126\" src=\"https:\/\/pedroabe.online\/wp-content\/uploads\/2024\/11\/Manchas.png\" class=\"attachment-full size-full wp-image-654\" alt=\"\" srcset=\"https:\/\/pedroabe.online\/wp-content\/uploads\/2024\/11\/Manchas.png 3780w, https:\/\/pedroabe.online\/wp-content\/uploads\/2024\/11\/Manchas-300x169.png 300w, https:\/\/pedroabe.online\/wp-content\/uploads\/2024\/11\/Manchas-1024x576.png 1024w, https:\/\/pedroabe.online\/wp-content\/uploads\/2024\/11\/Manchas-768x432.png 768w, https:\/\/pedroabe.online\/wp-content\/uploads\/2024\/11\/Manchas-1536x864.png 1536w, https:\/\/pedroabe.online\/wp-content\/uploads\/2024\/11\/Manchas-2048x1152.png 2048w\" sizes=\"(max-width: 3780px) 100vw, 3780px\" \/>\t\t\t\t\t\t\t\t<\/a>\n\t\t\t\t\t\t\t\t\t\t\t\t\t\t\t<\/div>\n\t\t\t\t<\/div>\n\t\t\t\t\t<\/div>\n\t\t\t\t<\/div>\n\t\t<div class=\"elementor-element elementor-element-34d3ea7 e-flex e-con-boxed e-con e-parent\" data-id=\"34d3ea7\" data-element_type=\"container\" data-e-type=\"container\">\n\t\t\t\t\t<div class=\"e-con-inner\">\n\t\t<div class=\"elementor-element elementor-element-3a13735 e-con-full e-flex e-con e-child\" data-id=\"3a13735\" data-element_type=\"container\" data-e-type=\"container\">\n\t\t\t\t<div class=\"elementor-element elementor-element-4219fa3 elementor-widget elementor-widget-text-editor\" data-id=\"4219fa3\" data-element_type=\"widget\" data-e-type=\"widget\" data-widget_type=\"text-editor.default\">\n\t\t\t\t<div class=\"elementor-widget-container\">\n\t\t\t\t\t\t\t\t\t<p><strong>Brushstrokes<\/strong><br \/>Digital. August, 2021<\/p><p><span style=\"font-weight: 400;\">In this illustration, I wanted to test a painting technique using only shapes made by the brushes. Without relying on a line sketch, I built the composition with brushstrokes. I gradually added details and refined the illustration, keeping the focus on the foreground while simulating a blur effect in the background by omitting details.<\/span><\/p>\t\t\t\t\t\t\t\t<\/div>\n\t\t\t\t<\/div>\n\t\t\t\t<\/div>\n\t\t<div class=\"elementor-element elementor-element-a4e8354 e-con-full e-flex e-con e-child\" data-id=\"a4e8354\" data-element_type=\"container\" data-e-type=\"container\">\n\t\t\t\t<\/div>\n\t\t\t\t\t<\/div>\n\t\t\t\t<\/div>\n\t\t<div class=\"elementor-element elementor-element-035263e e-flex e-con-boxed e-con e-parent\" data-id=\"035263e\" data-element_type=\"container\" data-e-type=\"container\">\n\t\t\t\t\t<div class=\"e-con-inner\">\n\t\t\t\t<div class=\"elementor-element elementor-element-9e6321b elementor-widget elementor-widget-spacer\" data-id=\"9e6321b\" data-element_type=\"widget\" data-e-type=\"widget\" data-widget_type=\"spacer.default\">\n\t\t\t\t<div class=\"elementor-widget-container\">\n\t\t\t\t\t\t\t<div class=\"elementor-spacer\">\n\t\t\t<div class=\"elementor-spacer-inner\"><\/div>\n\t\t<\/div>\n\t\t\t\t\t\t<\/div>\n\t\t\t\t<\/div>\n\t\t\t\t\t<\/div>\n\t\t\t\t<\/div>\n\t\t<div class=\"elementor-element elementor-element-443a9c0 e-flex e-con-boxed e-con e-parent\" data-id=\"443a9c0\" data-element_type=\"container\" data-e-type=\"container\">\n\t\t\t\t\t<div class=\"e-con-inner\">\n\t\t<div class=\"elementor-element elementor-element-f91e947 e-con-full e-flex e-con e-child\" data-id=\"f91e947\" data-element_type=\"container\" data-e-type=\"container\">\n\t\t<div class=\"elementor-element elementor-element-a2cd303 e-con-full e-flex e-con e-child\" data-id=\"a2cd303\" data-element_type=\"container\" data-e-type=\"container\">\n\t\t\t\t<div class=\"elementor-element elementor-element-2c6edae elementor-widget elementor-widget-image\" data-id=\"2c6edae\" data-element_type=\"widget\" data-e-type=\"widget\" data-widget_type=\"image.default\">\n\t\t\t\t<div class=\"elementor-widget-container\">\n\t\t\t\t\t\t\t\t\t\t\t\t\t\t\t\t<a href=\"https:\/\/pedroabe.online\/en\/leviata\/\">\n\t\t\t\t\t\t\t<img decoding=\"async\" width=\"150\" height=\"150\" src=\"https:\/\/pedroabe.online\/wp-content\/uploads\/2024\/11\/Seta-L-150x150.png\" class=\"elementor-animation-grow attachment-thumbnail size-thumbnail wp-image-433\" alt=\"\" srcset=\"https:\/\/pedroabe.online\/wp-content\/uploads\/2024\/11\/Seta-L-150x150.png 150w, https:\/\/pedroabe.online\/wp-content\/uploads\/2024\/11\/Seta-L-300x300.png 300w, https:\/\/pedroabe.online\/wp-content\/uploads\/2024\/11\/Seta-L-1024x1024.png 1024w, https:\/\/pedroabe.online\/wp-content\/uploads\/2024\/11\/Seta-L-768x768.png 768w, https:\/\/pedroabe.online\/wp-content\/uploads\/2024\/11\/Seta-L.png 1080w\" sizes=\"(max-width: 150px) 100vw, 150px\" \/>\t\t\t\t\t\t\t\t<\/a>\n\t\t\t\t\t\t\t\t\t\t\t\t\t\t\t<\/div>\n\t\t\t\t<\/div>\n\t\t\t\t<\/div>\n\t\t<div class=\"elementor-element elementor-element-6fa421c e-con-full e-flex e-con e-child\" data-id=\"6fa421c\" data-element_type=\"container\" data-e-type=\"container\">\n\t\t\t\t<div class=\"elementor-element elementor-element-d927b53 elementor-widget elementor-widget-image\" data-id=\"d927b53\" data-element_type=\"widget\" data-e-type=\"widget\" data-widget_type=\"image.default\">\n\t\t\t\t<div class=\"elementor-widget-container\">\n\t\t\t\t\t\t\t\t\t\t\t\t\t\t\t\t<a href=\"https:\/\/pedroabe.online\/en\/deserto\/\">\n\t\t\t\t\t\t\t<img decoding=\"async\" width=\"150\" height=\"150\" src=\"https:\/\/pedroabe.online\/wp-content\/uploads\/2024\/11\/Seta-R-150x150.png\" class=\"elementor-animation-grow attachment-thumbnail size-thumbnail wp-image-434\" alt=\"\" srcset=\"https:\/\/pedroabe.online\/wp-content\/uploads\/2024\/11\/Seta-R-150x150.png 150w, https:\/\/pedroabe.online\/wp-content\/uploads\/2024\/11\/Seta-R-300x300.png 300w, https:\/\/pedroabe.online\/wp-content\/uploads\/2024\/11\/Seta-R-1024x1024.png 1024w, https:\/\/pedroabe.online\/wp-content\/uploads\/2024\/11\/Seta-R-768x768.png 768w, https:\/\/pedroabe.online\/wp-content\/uploads\/2024\/11\/Seta-R.png 1080w\" sizes=\"(max-width: 150px) 100vw, 150px\" \/>\t\t\t\t\t\t\t\t<\/a>\n\t\t\t\t\t\t\t\t\t\t\t\t\t\t\t<\/div>\n\t\t\t\t<\/div>\n\t\t\t\t<\/div>\n\t\t\t\t<\/div>\n\t\t\t\t\t<\/div>\n\t\t\t\t<\/div>\n\t\t\t\t<\/div>","protected":false},"excerpt":{"rendered":"<p>Voltar \u00e0 galeria ManchasDigital. Agosto, 2021 Nessa ilustra\u00e7\u00e3o, queria testar a t\u00e9cnica de pintura com manchas. Sem usar um esbo\u00e7o com linhas, fiz as manchas da composi\u00e7\u00e3o com o pincel. Fui adicionando detalhes e lapidando a ilustra\u00e7\u00e3o dando foco ao primeiro plano, simulando um efeito de desfoque no plano do fundo com a aus\u00eancia de [&hellip;]<\/p>\n","protected":false},"author":1,"featured_media":0,"parent":0,"menu_order":0,"comment_status":"closed","ping_status":"closed","template":"","meta":{"nf_dc_page":"","footnotes":""},"class_list":["post-648","page","type-page","status-publish","hentry"],"yoast_head":"<!-- This site is optimized with the Yoast SEO plugin v27.4 - https:\/\/yoast.com\/product\/yoast-seo-wordpress\/ -->\n<title>Manchas - Pedro Abe - Portfolio<\/title>\n<meta name=\"robots\" content=\"index, follow, max-snippet:-1, max-image-preview:large, max-video-preview:-1\" \/>\n<link rel=\"canonical\" href=\"https:\/\/pedroabe.online\/en\/manchas\/\" \/>\n<meta property=\"og:locale\" content=\"en_US\" \/>\n<meta property=\"og:type\" content=\"article\" \/>\n<meta property=\"og:title\" content=\"Manchas - Pedro Abe - Portfolio\" \/>\n<meta property=\"og:description\" content=\"Voltar \u00e0 galeria ManchasDigital. Agosto, 2021 Nessa ilustra\u00e7\u00e3o, queria testar a t\u00e9cnica de pintura com manchas. Sem usar um esbo\u00e7o com linhas, fiz as manchas da composi\u00e7\u00e3o com o pincel. Fui adicionando detalhes e lapidando a ilustra\u00e7\u00e3o dando foco ao primeiro plano, simulando um efeito de desfoque no plano do fundo com a aus\u00eancia de [&hellip;]\" \/>\n<meta property=\"og:url\" content=\"https:\/\/pedroabe.online\/en\/manchas\/\" \/>\n<meta property=\"og:site_name\" content=\"Pedro Abe - Portfolio\" \/>\n<meta property=\"article:modified_time\" content=\"2024-11-20T18:50:44+00:00\" \/>\n<meta property=\"og:image\" content=\"https:\/\/pedroabe.online\/wp-content\/uploads\/2024\/11\/Manchas-1024x576.png\" \/>\n\t<meta property=\"og:image:width\" content=\"1024\" \/>\n\t<meta property=\"og:image:height\" content=\"576\" \/>\n\t<meta property=\"og:image:type\" content=\"image\/png\" \/>\n<meta name=\"twitter:card\" content=\"summary_large_image\" \/>\n<meta name=\"twitter:label1\" content=\"Est. reading time\" \/>\n\t<meta name=\"twitter:data1\" content=\"1 minute\" \/>\n<script type=\"application\/ld+json\" class=\"yoast-schema-graph\">{\"@context\":\"https:\\\/\\\/schema.org\",\"@graph\":[{\"@type\":\"WebPage\",\"@id\":\"https:\\\/\\\/pedroabe.online\\\/manchas\\\/\",\"url\":\"https:\\\/\\\/pedroabe.online\\\/manchas\\\/\",\"name\":\"Manchas - Pedro Abe - Portfolio\",\"isPartOf\":{\"@id\":\"https:\\\/\\\/pedroabe.online\\\/#website\"},\"primaryImageOfPage\":{\"@id\":\"https:\\\/\\\/pedroabe.online\\\/manchas\\\/#primaryimage\"},\"image\":{\"@id\":\"https:\\\/\\\/pedroabe.online\\\/manchas\\\/#primaryimage\"},\"thumbnailUrl\":\"https:\\\/\\\/pedroabe.online\\\/wp-content\\\/uploads\\\/2024\\\/11\\\/Manchas.png\",\"datePublished\":\"2024-11-07T02:02:44+00:00\",\"dateModified\":\"2024-11-20T18:50:44+00:00\",\"breadcrumb\":{\"@id\":\"https:\\\/\\\/pedroabe.online\\\/manchas\\\/#breadcrumb\"},\"inLanguage\":\"en-US\",\"potentialAction\":[{\"@type\":\"ReadAction\",\"target\":[\"https:\\\/\\\/pedroabe.online\\\/manchas\\\/\"]}]},{\"@type\":\"ImageObject\",\"inLanguage\":\"en-US\",\"@id\":\"https:\\\/\\\/pedroabe.online\\\/manchas\\\/#primaryimage\",\"url\":\"https:\\\/\\\/pedroabe.online\\\/wp-content\\\/uploads\\\/2024\\\/11\\\/Manchas.png\",\"contentUrl\":\"https:\\\/\\\/pedroabe.online\\\/wp-content\\\/uploads\\\/2024\\\/11\\\/Manchas.png\"},{\"@type\":\"BreadcrumbList\",\"@id\":\"https:\\\/\\\/pedroabe.online\\\/manchas\\\/#breadcrumb\",\"itemListElement\":[{\"@type\":\"ListItem\",\"position\":1,\"name\":\"Home\",\"item\":\"https:\\\/\\\/pedroabe.online\\\/\"},{\"@type\":\"ListItem\",\"position\":2,\"name\":\"Manchas\"}]},{\"@type\":\"WebSite\",\"@id\":\"https:\\\/\\\/pedroabe.online\\\/#website\",\"url\":\"https:\\\/\\\/pedroabe.online\\\/\",\"name\":\"Pedro Abe - Portfolio\",\"description\":\"\",\"publisher\":{\"@id\":\"https:\\\/\\\/pedroabe.online\\\/#organization\"},\"potentialAction\":[{\"@type\":\"SearchAction\",\"target\":{\"@type\":\"EntryPoint\",\"urlTemplate\":\"https:\\\/\\\/pedroabe.online\\\/?s={search_term_string}\"},\"query-input\":{\"@type\":\"PropertyValueSpecification\",\"valueRequired\":true,\"valueName\":\"search_term_string\"}}],\"inLanguage\":\"en-US\"},{\"@type\":\"Organization\",\"@id\":\"https:\\\/\\\/pedroabe.online\\\/#organization\",\"name\":\"Pedro Abe - Portfolio\",\"url\":\"https:\\\/\\\/pedroabe.online\\\/\",\"logo\":{\"@type\":\"ImageObject\",\"inLanguage\":\"en-US\",\"@id\":\"https:\\\/\\\/pedroabe.online\\\/#\\\/schema\\\/logo\\\/image\\\/\",\"url\":\"https:\\\/\\\/pedroabe.online\\\/wp-content\\\/uploads\\\/2024\\\/10\\\/cropped-cropped-polpo.png\",\"contentUrl\":\"https:\\\/\\\/pedroabe.online\\\/wp-content\\\/uploads\\\/2024\\\/10\\\/cropped-cropped-polpo.png\",\"width\":372,\"height\":284,\"caption\":\"Pedro Abe - Portfolio\"},\"image\":{\"@id\":\"https:\\\/\\\/pedroabe.online\\\/#\\\/schema\\\/logo\\\/image\\\/\"}}]}<\/script>\n<!-- \/ Yoast SEO plugin. -->","yoast_head_json":{"title":"Manchas - Pedro Abe - Portfolio","robots":{"index":"index","follow":"follow","max-snippet":"max-snippet:-1","max-image-preview":"max-image-preview:large","max-video-preview":"max-video-preview:-1"},"canonical":"https:\/\/pedroabe.online\/en\/manchas\/","og_locale":"en_US","og_type":"article","og_title":"Manchas - Pedro Abe - Portfolio","og_description":"Voltar \u00e0 galeria ManchasDigital. Agosto, 2021 Nessa ilustra\u00e7\u00e3o, queria testar a t\u00e9cnica de pintura com manchas. Sem usar um esbo\u00e7o com linhas, fiz as manchas da composi\u00e7\u00e3o com o pincel. Fui adicionando detalhes e lapidando a ilustra\u00e7\u00e3o dando foco ao primeiro plano, simulando um efeito de desfoque no plano do fundo com a aus\u00eancia de [&hellip;]","og_url":"https:\/\/pedroabe.online\/en\/manchas\/","og_site_name":"Pedro Abe - Portfolio","article_modified_time":"2024-11-20T18:50:44+00:00","og_image":[{"width":1024,"height":576,"url":"https:\/\/pedroabe.online\/wp-content\/uploads\/2024\/11\/Manchas-1024x576.png","type":"image\/png"}],"twitter_card":"summary_large_image","twitter_misc":{"Est. reading time":"1 minute"},"schema":{"@context":"https:\/\/schema.org","@graph":[{"@type":"WebPage","@id":"https:\/\/pedroabe.online\/manchas\/","url":"https:\/\/pedroabe.online\/manchas\/","name":"Manchas - Pedro Abe - Portfolio","isPartOf":{"@id":"https:\/\/pedroabe.online\/#website"},"primaryImageOfPage":{"@id":"https:\/\/pedroabe.online\/manchas\/#primaryimage"},"image":{"@id":"https:\/\/pedroabe.online\/manchas\/#primaryimage"},"thumbnailUrl":"https:\/\/pedroabe.online\/wp-content\/uploads\/2024\/11\/Manchas.png","datePublished":"2024-11-07T02:02:44+00:00","dateModified":"2024-11-20T18:50:44+00:00","breadcrumb":{"@id":"https:\/\/pedroabe.online\/manchas\/#breadcrumb"},"inLanguage":"en-US","potentialAction":[{"@type":"ReadAction","target":["https:\/\/pedroabe.online\/manchas\/"]}]},{"@type":"ImageObject","inLanguage":"en-US","@id":"https:\/\/pedroabe.online\/manchas\/#primaryimage","url":"https:\/\/pedroabe.online\/wp-content\/uploads\/2024\/11\/Manchas.png","contentUrl":"https:\/\/pedroabe.online\/wp-content\/uploads\/2024\/11\/Manchas.png"},{"@type":"BreadcrumbList","@id":"https:\/\/pedroabe.online\/manchas\/#breadcrumb","itemListElement":[{"@type":"ListItem","position":1,"name":"Home","item":"https:\/\/pedroabe.online\/"},{"@type":"ListItem","position":2,"name":"Manchas"}]},{"@type":"WebSite","@id":"https:\/\/pedroabe.online\/#website","url":"https:\/\/pedroabe.online\/","name":"Pedro Abe - Portfolio","description":"","publisher":{"@id":"https:\/\/pedroabe.online\/#organization"},"potentialAction":[{"@type":"SearchAction","target":{"@type":"EntryPoint","urlTemplate":"https:\/\/pedroabe.online\/?s={search_term_string}"},"query-input":{"@type":"PropertyValueSpecification","valueRequired":true,"valueName":"search_term_string"}}],"inLanguage":"en-US"},{"@type":"Organization","@id":"https:\/\/pedroabe.online\/#organization","name":"Pedro Abe - Portfolio","url":"https:\/\/pedroabe.online\/","logo":{"@type":"ImageObject","inLanguage":"en-US","@id":"https:\/\/pedroabe.online\/#\/schema\/logo\/image\/","url":"https:\/\/pedroabe.online\/wp-content\/uploads\/2024\/10\/cropped-cropped-polpo.png","contentUrl":"https:\/\/pedroabe.online\/wp-content\/uploads\/2024\/10\/cropped-cropped-polpo.png","width":372,"height":284,"caption":"Pedro Abe - Portfolio"},"image":{"@id":"https:\/\/pedroabe.online\/#\/schema\/logo\/image\/"}}]}},"_links":{"self":[{"href":"https:\/\/pedroabe.online\/en\/wp-json\/wp\/v2\/pages\/648","targetHints":{"allow":["GET"]}}],"collection":[{"href":"https:\/\/pedroabe.online\/en\/wp-json\/wp\/v2\/pages"}],"about":[{"href":"https:\/\/pedroabe.online\/en\/wp-json\/wp\/v2\/types\/page"}],"author":[{"embeddable":true,"href":"https:\/\/pedroabe.online\/en\/wp-json\/wp\/v2\/users\/1"}],"replies":[{"embeddable":true,"href":"https:\/\/pedroabe.online\/en\/wp-json\/wp\/v2\/comments?post=648"}],"version-history":[{"count":5,"href":"https:\/\/pedroabe.online\/en\/wp-json\/wp\/v2\/pages\/648\/revisions"}],"predecessor-version":[{"id":1347,"href":"https:\/\/pedroabe.online\/en\/wp-json\/wp\/v2\/pages\/648\/revisions\/1347"}],"wp:attachment":[{"href":"https:\/\/pedroabe.online\/en\/wp-json\/wp\/v2\/media?parent=648"}],"curies":[{"name":"wp","href":"https:\/\/api.w.org\/{rel}","templated":true}]}}