{"id":341,"date":"2024-10-26T21:24:05","date_gmt":"2024-10-26T21:24:05","guid":{"rendered":"https:\/\/pedroabe.online\/?page_id=341"},"modified":"2024-11-23T19:58:24","modified_gmt":"2024-11-23T19:58:24","slug":"ilustracoes","status":"publish","type":"page","link":"https:\/\/pedroabe.online\/en\/ilustracoes\/","title":{"rendered":"Illustrations"},"content":{"rendered":"<div data-elementor-type=\"wp-page\" data-elementor-id=\"341\" class=\"elementor elementor-341\">\n\t\t\t\t<div class=\"elementor-element elementor-element-dec47b3 e-con-full e-flex e-con e-parent\" data-id=\"dec47b3\" data-element_type=\"container\" data-e-type=\"container\">\n\t\t\t\t<div class=\"elementor-element elementor-element-2c999ad elementor-widget__width-inherit elementor-invisible elementor-widget elementor-widget-image\" data-id=\"2c999ad\" data-element_type=\"widget\" data-e-type=\"widget\" data-settings=\"{&quot;_animation&quot;:&quot;fadeInDown&quot;}\" data-widget_type=\"image.default\">\n\t\t\t\t<div class=\"elementor-widget-container\">\n\t\t\t\t\t\t\t\t\t\t\t\t\t\t\t<img fetchpriority=\"high\" decoding=\"async\" width=\"1920\" height=\"1280\" src=\"https:\/\/pedroabe.online\/wp-content\/uploads\/2024\/11\/abre_v3.png\" class=\"attachment-full size-full wp-image-576\" alt=\"\" srcset=\"https:\/\/pedroabe.online\/wp-content\/uploads\/2024\/11\/abre_v3.png 1920w, https:\/\/pedroabe.online\/wp-content\/uploads\/2024\/11\/abre_v3-300x200.png 300w, https:\/\/pedroabe.online\/wp-content\/uploads\/2024\/11\/abre_v3-1024x683.png 1024w, https:\/\/pedroabe.online\/wp-content\/uploads\/2024\/11\/abre_v3-768x512.png 768w, https:\/\/pedroabe.online\/wp-content\/uploads\/2024\/11\/abre_v3-1536x1024.png 1536w\" sizes=\"(max-width: 1920px) 100vw, 1920px\" \/>\t\t\t\t\t\t\t\t\t\t\t\t\t\t\t<\/div>\n\t\t\t\t<\/div>\n\t\t\t\t<\/div>\n\t\t<div class=\"elementor-element elementor-element-3f29cab e-flex e-con-boxed e-con e-parent\" data-id=\"3f29cab\" data-element_type=\"container\" data-e-type=\"container\">\n\t\t\t\t\t<div class=\"e-con-inner\">\n\t\t\t\t<div class=\"elementor-element elementor-element-6ade7cd elementor-widget elementor-widget-spacer\" data-id=\"6ade7cd\" data-element_type=\"widget\" data-e-type=\"widget\" data-widget_type=\"spacer.default\">\n\t\t\t\t<div class=\"elementor-widget-container\">\n\t\t\t\t\t\t\t<div class=\"elementor-spacer\">\n\t\t\t<div class=\"elementor-spacer-inner\"><\/div>\n\t\t<\/div>\n\t\t\t\t\t\t<\/div>\n\t\t\t\t<\/div>\n\t\t\t\t\t<\/div>\n\t\t\t\t<\/div>\n\t\t<div class=\"elementor-element elementor-element-b54d1bd e-flex e-con-boxed e-con e-parent\" data-id=\"b54d1bd\" data-element_type=\"container\" data-e-type=\"container\">\n\t\t\t\t\t<div class=\"e-con-inner\">\n\t\t\t\t<div class=\"elementor-element elementor-element-15bde40 elementor-widget elementor-widget-text-editor\" data-id=\"15bde40\" data-element_type=\"widget\" data-e-type=\"widget\" data-widget_type=\"text-editor.default\">\n\t\t\t\t<div class=\"elementor-widget-container\">\n\t\t\t\t\t\t\t\t\t<p><span style=\"font-weight: 400;\">Since childhood, I have always enjoyed drawing. Over time, I decided to go deeper and study drawing techniques to improve my skills. Today, I use my illustrations in projects when the style and concept align, but I continue drawing as a hobby, whether in traditional or digital media.<\/span><\/p>\t\t\t\t\t\t\t\t<\/div>\n\t\t\t\t<\/div>\n\t\t<div class=\"elementor-element elementor-element-b34bf2f e-con-full e-flex e-con e-child\" data-id=\"b34bf2f\" data-element_type=\"container\" data-e-type=\"container\">\n\t\t\t\t<\/div>\n\t\t<div class=\"elementor-element elementor-element-62f240c e-con-full e-flex e-con e-child\" data-id=\"62f240c\" data-element_type=\"container\" data-e-type=\"container\">\n\t\t\t\t<\/div>\n\t\t\t\t\t<\/div>\n\t\t\t\t<\/div>\n\t\t<div class=\"elementor-element elementor-element-d89d4d9 e-flex e-con-boxed e-con e-parent\" data-id=\"d89d4d9\" data-element_type=\"container\" data-e-type=\"container\">\n\t\t\t\t\t<div class=\"e-con-inner\">\n\t\t\t\t<div class=\"elementor-element elementor-element-9e4b46c elementor-widget elementor-widget-spacer\" data-id=\"9e4b46c\" data-element_type=\"widget\" data-e-type=\"widget\" data-widget_type=\"spacer.default\">\n\t\t\t\t<div class=\"elementor-widget-container\">\n\t\t\t\t\t\t\t<div class=\"elementor-spacer\">\n\t\t\t<div class=\"elementor-spacer-inner\"><\/div>\n\t\t<\/div>\n\t\t\t\t\t\t<\/div>\n\t\t\t\t<\/div>\n\t\t\t\t\t<\/div>\n\t\t\t\t<\/div>\n\t\t<div class=\"elementor-element elementor-element-7d153ac e-grid e-con-boxed e-con e-parent\" data-id=\"7d153ac\" data-element_type=\"container\" data-e-type=\"container\" data-settings=\"{&quot;background_background&quot;:&quot;classic&quot;}\">\n\t\t\t\t\t<div class=\"e-con-inner\">\n\t\t\t\t<div class=\"elementor-element elementor-element-d100867 elementor-widget elementor-widget-image\" data-id=\"d100867\" data-element_type=\"widget\" data-e-type=\"widget\" data-widget_type=\"image.default\">\n\t\t\t\t<div class=\"elementor-widget-container\">\n\t\t\t\t\t\t\t\t\t\t\t\t\t\t\t\t<a href=\"https:\/\/pedroabe.online\/en\/ferrovia\/\">\n\t\t\t\t\t\t\t<img decoding=\"async\" width=\"800\" height=\"800\" src=\"https:\/\/pedroabe.online\/wp-content\/uploads\/2024\/11\/ferrovia-1024x1024.jpg\" class=\"elementor-animation-shrink attachment-large size-large wp-image-454\" alt=\"\" srcset=\"https:\/\/pedroabe.online\/wp-content\/uploads\/2024\/11\/ferrovia-1024x1024.jpg 1024w, https:\/\/pedroabe.online\/wp-content\/uploads\/2024\/11\/ferrovia-300x300.jpg 300w, https:\/\/pedroabe.online\/wp-content\/uploads\/2024\/11\/ferrovia-150x150.jpg 150w, https:\/\/pedroabe.online\/wp-content\/uploads\/2024\/11\/ferrovia-768x768.jpg 768w, https:\/\/pedroabe.online\/wp-content\/uploads\/2024\/11\/ferrovia.jpg 1080w\" sizes=\"(max-width: 800px) 100vw, 800px\" \/>\t\t\t\t\t\t\t\t<\/a>\n\t\t\t\t\t\t\t\t\t\t\t\t\t\t\t<\/div>\n\t\t\t\t<\/div>\n\t\t\t\t<div class=\"elementor-element elementor-element-fd683e9 elementor-widget elementor-widget-image\" data-id=\"fd683e9\" data-element_type=\"widget\" data-e-type=\"widget\" data-widget_type=\"image.default\">\n\t\t\t\t<div class=\"elementor-widget-container\">\n\t\t\t\t\t\t\t\t\t\t\t\t\t\t\t\t<a href=\"https:\/\/pedroabe.online\/en\/notas\/\">\n\t\t\t\t\t\t\t<img decoding=\"async\" width=\"800\" height=\"800\" src=\"https:\/\/pedroabe.online\/wp-content\/uploads\/2024\/11\/doguinho-1024x1024.jpg\" class=\"elementor-animation-shrink attachment-large size-large wp-image-453\" alt=\"\" srcset=\"https:\/\/pedroabe.online\/wp-content\/uploads\/2024\/11\/doguinho-1024x1024.jpg 1024w, https:\/\/pedroabe.online\/wp-content\/uploads\/2024\/11\/doguinho-300x300.jpg 300w, https:\/\/pedroabe.online\/wp-content\/uploads\/2024\/11\/doguinho-150x150.jpg 150w, https:\/\/pedroabe.online\/wp-content\/uploads\/2024\/11\/doguinho-768x768.jpg 768w, https:\/\/pedroabe.online\/wp-content\/uploads\/2024\/11\/doguinho.jpg 1080w\" sizes=\"(max-width: 800px) 100vw, 800px\" \/>\t\t\t\t\t\t\t\t<\/a>\n\t\t\t\t\t\t\t\t\t\t\t\t\t\t\t<\/div>\n\t\t\t\t<\/div>\n\t\t\t\t<div class=\"elementor-element elementor-element-4874b03 elementor-widget elementor-widget-image\" data-id=\"4874b03\" data-element_type=\"widget\" data-e-type=\"widget\" data-widget_type=\"image.default\">\n\t\t\t\t<div class=\"elementor-widget-container\">\n\t\t\t\t\t\t\t\t\t\t\t\t\t\t\t\t<a href=\"https:\/\/pedroabe.online\/en\/leviata\/\">\n\t\t\t\t\t\t\t<img loading=\"lazy\" decoding=\"async\" width=\"800\" height=\"800\" src=\"https:\/\/pedroabe.online\/wp-content\/uploads\/2024\/11\/rework-imsano-1024x1024.jpg\" class=\"elementor-animation-shrink attachment-large size-large wp-image-1354\" alt=\"\" srcset=\"https:\/\/pedroabe.online\/wp-content\/uploads\/2024\/11\/rework-imsano-1024x1024.jpg 1024w, https:\/\/pedroabe.online\/wp-content\/uploads\/2024\/11\/rework-imsano-300x300.jpg 300w, https:\/\/pedroabe.online\/wp-content\/uploads\/2024\/11\/rework-imsano-150x150.jpg 150w, https:\/\/pedroabe.online\/wp-content\/uploads\/2024\/11\/rework-imsano-768x768.jpg 768w, https:\/\/pedroabe.online\/wp-content\/uploads\/2024\/11\/rework-imsano.jpg 1080w\" sizes=\"(max-width: 800px) 100vw, 800px\" \/>\t\t\t\t\t\t\t\t<\/a>\n\t\t\t\t\t\t\t\t\t\t\t\t\t\t\t<\/div>\n\t\t\t\t<\/div>\n\t\t\t\t<div class=\"elementor-element elementor-element-4c3db48 elementor-widget elementor-widget-image\" data-id=\"4c3db48\" data-element_type=\"widget\" data-e-type=\"widget\" data-widget_type=\"image.default\">\n\t\t\t\t<div class=\"elementor-widget-container\">\n\t\t\t\t\t\t\t\t\t\t\t\t\t\t\t\t<a href=\"https:\/\/pedroabe.online\/en\/manchas\/\">\n\t\t\t\t\t\t\t<img loading=\"lazy\" decoding=\"async\" width=\"800\" height=\"800\" src=\"https:\/\/pedroabe.online\/wp-content\/uploads\/2024\/11\/wyvern-1024x1024.jpg\" class=\"elementor-animation-shrink attachment-large size-large wp-image-451\" alt=\"\" srcset=\"https:\/\/pedroabe.online\/wp-content\/uploads\/2024\/11\/wyvern-1024x1024.jpg 1024w, https:\/\/pedroabe.online\/wp-content\/uploads\/2024\/11\/wyvern-300x300.jpg 300w, https:\/\/pedroabe.online\/wp-content\/uploads\/2024\/11\/wyvern-150x150.jpg 150w, https:\/\/pedroabe.online\/wp-content\/uploads\/2024\/11\/wyvern-768x768.jpg 768w, https:\/\/pedroabe.online\/wp-content\/uploads\/2024\/11\/wyvern.jpg 1080w\" sizes=\"(max-width: 800px) 100vw, 800px\" \/>\t\t\t\t\t\t\t\t<\/a>\n\t\t\t\t\t\t\t\t\t\t\t\t\t\t\t<\/div>\n\t\t\t\t<\/div>\n\t\t\t\t<div class=\"elementor-element elementor-element-9f47d6f elementor-widget elementor-widget-image\" data-id=\"9f47d6f\" data-element_type=\"widget\" data-e-type=\"widget\" data-widget_type=\"image.default\">\n\t\t\t\t<div class=\"elementor-widget-container\">\n\t\t\t\t\t\t\t\t\t\t\t\t\t\t\t\t<a href=\"https:\/\/pedroabe.online\/en\/deserto\/\">\n\t\t\t\t\t\t\t<img loading=\"lazy\" decoding=\"async\" width=\"800\" height=\"800\" src=\"https:\/\/pedroabe.online\/wp-content\/uploads\/2024\/11\/deserto-1024x1024.jpg\" class=\"elementor-animation-shrink attachment-large size-large wp-image-452\" alt=\"\" srcset=\"https:\/\/pedroabe.online\/wp-content\/uploads\/2024\/11\/deserto-1024x1024.jpg 1024w, https:\/\/pedroabe.online\/wp-content\/uploads\/2024\/11\/deserto-300x300.jpg 300w, https:\/\/pedroabe.online\/wp-content\/uploads\/2024\/11\/deserto-150x150.jpg 150w, https:\/\/pedroabe.online\/wp-content\/uploads\/2024\/11\/deserto-768x768.jpg 768w, https:\/\/pedroabe.online\/wp-content\/uploads\/2024\/11\/deserto.jpg 1080w\" sizes=\"(max-width: 800px) 100vw, 800px\" \/>\t\t\t\t\t\t\t\t<\/a>\n\t\t\t\t\t\t\t\t\t\t\t\t\t\t\t<\/div>\n\t\t\t\t<\/div>\n\t\t\t\t<div class=\"elementor-element elementor-element-664beb9 elementor-widget elementor-widget-image\" data-id=\"664beb9\" data-element_type=\"widget\" data-e-type=\"widget\" data-widget_type=\"image.default\">\n\t\t\t\t<div class=\"elementor-widget-container\">\n\t\t\t\t\t\t\t\t\t\t\t\t\t\t\t\t<a href=\"https:\/\/pedroabe.online\/en\/velocidade\/\">\n\t\t\t\t\t\t\t<img loading=\"lazy\" decoding=\"async\" width=\"800\" height=\"800\" src=\"https:\/\/pedroabe.online\/wp-content\/uploads\/2024\/11\/velocidade-1024x1024.jpg\" class=\"elementor-animation-shrink attachment-large size-large wp-image-542\" alt=\"\" srcset=\"https:\/\/pedroabe.online\/wp-content\/uploads\/2024\/11\/velocidade-1024x1024.jpg 1024w, https:\/\/pedroabe.online\/wp-content\/uploads\/2024\/11\/velocidade-300x300.jpg 300w, https:\/\/pedroabe.online\/wp-content\/uploads\/2024\/11\/velocidade-150x150.jpg 150w, https:\/\/pedroabe.online\/wp-content\/uploads\/2024\/11\/velocidade-768x768.jpg 768w, https:\/\/pedroabe.online\/wp-content\/uploads\/2024\/11\/velocidade.jpg 1080w\" sizes=\"(max-width: 800px) 100vw, 800px\" \/>\t\t\t\t\t\t\t\t<\/a>\n\t\t\t\t\t\t\t\t\t\t\t\t\t\t\t<\/div>\n\t\t\t\t<\/div>\n\t\t\t\t<div class=\"elementor-element elementor-element-258d48f elementor-widget elementor-widget-image\" data-id=\"258d48f\" data-element_type=\"widget\" data-e-type=\"widget\" data-widget_type=\"image.default\">\n\t\t\t\t<div class=\"elementor-widget-container\">\n\t\t\t\t\t\t\t\t\t\t\t\t\t\t\t\t<a href=\"https:\/\/pedroabe.online\/en\/mimic\/\">\n\t\t\t\t\t\t\t<img loading=\"lazy\" decoding=\"async\" width=\"800\" height=\"800\" src=\"https:\/\/pedroabe.online\/wp-content\/uploads\/2024\/11\/mimic-1024x1024.jpg\" class=\"elementor-animation-shrink attachment-large size-large wp-image-546\" alt=\"\" srcset=\"https:\/\/pedroabe.online\/wp-content\/uploads\/2024\/11\/mimic-1024x1024.jpg 1024w, https:\/\/pedroabe.online\/wp-content\/uploads\/2024\/11\/mimic-300x300.jpg 300w, https:\/\/pedroabe.online\/wp-content\/uploads\/2024\/11\/mimic-150x150.jpg 150w, https:\/\/pedroabe.online\/wp-content\/uploads\/2024\/11\/mimic-768x768.jpg 768w, https:\/\/pedroabe.online\/wp-content\/uploads\/2024\/11\/mimic.jpg 1080w\" sizes=\"(max-width: 800px) 100vw, 800px\" \/>\t\t\t\t\t\t\t\t<\/a>\n\t\t\t\t\t\t\t\t\t\t\t\t\t\t\t<\/div>\n\t\t\t\t<\/div>\n\t\t\t\t<div class=\"elementor-element elementor-element-d03cb5f elementor-widget elementor-widget-image\" data-id=\"d03cb5f\" data-element_type=\"widget\" data-e-type=\"widget\" data-widget_type=\"image.default\">\n\t\t\t\t<div class=\"elementor-widget-container\">\n\t\t\t\t\t\t\t\t\t\t\t\t\t\t\t\t<a href=\"https:\/\/pedroabe.online\/en\/inktober\/\">\n\t\t\t\t\t\t\t<img loading=\"lazy\" decoding=\"async\" width=\"800\" height=\"800\" src=\"https:\/\/pedroabe.online\/wp-content\/uploads\/2024\/11\/Inktober-1024x1024.jpg\" class=\"elementor-animation-shrink attachment-large size-large wp-image-548\" alt=\"\" srcset=\"https:\/\/pedroabe.online\/wp-content\/uploads\/2024\/11\/Inktober-1024x1024.jpg 1024w, https:\/\/pedroabe.online\/wp-content\/uploads\/2024\/11\/Inktober-300x300.jpg 300w, https:\/\/pedroabe.online\/wp-content\/uploads\/2024\/11\/Inktober-150x150.jpg 150w, https:\/\/pedroabe.online\/wp-content\/uploads\/2024\/11\/Inktober-768x768.jpg 768w, https:\/\/pedroabe.online\/wp-content\/uploads\/2024\/11\/Inktober.jpg 1080w\" sizes=\"(max-width: 800px) 100vw, 800px\" \/>\t\t\t\t\t\t\t\t<\/a>\n\t\t\t\t\t\t\t\t\t\t\t\t\t\t\t<\/div>\n\t\t\t\t<\/div>\n\t\t\t\t\t<\/div>\n\t\t\t\t<\/div>\n\t\t<div class=\"elementor-element elementor-element-e218276 e-flex e-con-boxed e-con e-parent\" data-id=\"e218276\" data-element_type=\"container\" data-e-type=\"container\">\n\t\t\t\t\t<div class=\"e-con-inner\">\n\t\t\t\t<div class=\"elementor-element elementor-element-f7ecaeb elementor-widget elementor-widget-spacer\" data-id=\"f7ecaeb\" data-element_type=\"widget\" data-e-type=\"widget\" data-widget_type=\"spacer.default\">\n\t\t\t\t<div class=\"elementor-widget-container\">\n\t\t\t\t\t\t\t<div class=\"elementor-spacer\">\n\t\t\t<div class=\"elementor-spacer-inner\"><\/div>\n\t\t<\/div>\n\t\t\t\t\t\t<\/div>\n\t\t\t\t<\/div>\n\t\t\t\t\t<\/div>\n\t\t\t\t<\/div>\n\t\t<div class=\"elementor-element elementor-element-37e7051 e-flex e-con-boxed e-con e-parent\" data-id=\"37e7051\" data-element_type=\"container\" data-e-type=\"container\">\n\t\t\t\t\t<div class=\"e-con-inner\">\n\t\t<div class=\"elementor-element elementor-element-5265def e-con-full e-flex e-con e-child\" data-id=\"5265def\" data-element_type=\"container\" data-e-type=\"container\">\n\t\t<div class=\"elementor-element elementor-element-f1d2f52 e-con-full e-flex e-con e-child\" data-id=\"f1d2f52\" data-element_type=\"container\" data-e-type=\"container\">\n\t\t\t\t<div class=\"elementor-element elementor-element-d78632e elementor-widget elementor-widget-image\" data-id=\"d78632e\" data-element_type=\"widget\" data-e-type=\"widget\" data-widget_type=\"image.default\">\n\t\t\t\t<div class=\"elementor-widget-container\">\n\t\t\t\t\t\t\t\t\t\t\t\t\t\t\t\t<a href=\"https:\/\/pedroabe.online\/en\/animacao-prensa-francesa\/\">\n\t\t\t\t\t\t\t<img loading=\"lazy\" decoding=\"async\" width=\"150\" height=\"150\" src=\"https:\/\/pedroabe.online\/wp-content\/uploads\/2024\/11\/Seta-L-150x150.png\" class=\"elementor-animation-grow attachment-thumbnail size-thumbnail wp-image-433\" alt=\"\" srcset=\"https:\/\/pedroabe.online\/wp-content\/uploads\/2024\/11\/Seta-L-150x150.png 150w, https:\/\/pedroabe.online\/wp-content\/uploads\/2024\/11\/Seta-L-300x300.png 300w, https:\/\/pedroabe.online\/wp-content\/uploads\/2024\/11\/Seta-L-1024x1024.png 1024w, https:\/\/pedroabe.online\/wp-content\/uploads\/2024\/11\/Seta-L-768x768.png 768w, https:\/\/pedroabe.online\/wp-content\/uploads\/2024\/11\/Seta-L.png 1080w\" sizes=\"(max-width: 150px) 100vw, 150px\" \/>\t\t\t\t\t\t\t\t<\/a>\n\t\t\t\t\t\t\t\t\t\t\t\t\t\t\t<\/div>\n\t\t\t\t<\/div>\n\t\t\t\t<\/div>\n\t\t<div class=\"elementor-element elementor-element-ee7e719 e-con-full e-flex e-con e-child\" data-id=\"ee7e719\" data-element_type=\"container\" data-e-type=\"container\">\n\t\t\t\t<div class=\"elementor-element elementor-element-c53113f elementor-widget elementor-widget-image\" data-id=\"c53113f\" data-element_type=\"widget\" data-e-type=\"widget\" data-widget_type=\"image.default\">\n\t\t\t\t<div class=\"elementor-widget-container\">\n\t\t\t\t\t\t\t\t\t\t\t\t\t\t\t\t<a href=\"https:\/\/pedroabe.online\/en\/animacoes-de-personagem\/\">\n\t\t\t\t\t\t\t<img loading=\"lazy\" decoding=\"async\" width=\"150\" height=\"150\" src=\"https:\/\/pedroabe.online\/wp-content\/uploads\/2024\/11\/Seta-R-150x150.png\" class=\"elementor-animation-grow attachment-thumbnail size-thumbnail wp-image-434\" alt=\"\" srcset=\"https:\/\/pedroabe.online\/wp-content\/uploads\/2024\/11\/Seta-R-150x150.png 150w, https:\/\/pedroabe.online\/wp-content\/uploads\/2024\/11\/Seta-R-300x300.png 300w, https:\/\/pedroabe.online\/wp-content\/uploads\/2024\/11\/Seta-R-1024x1024.png 1024w, https:\/\/pedroabe.online\/wp-content\/uploads\/2024\/11\/Seta-R-768x768.png 768w, https:\/\/pedroabe.online\/wp-content\/uploads\/2024\/11\/Seta-R.png 1080w\" sizes=\"(max-width: 150px) 100vw, 150px\" \/>\t\t\t\t\t\t\t\t<\/a>\n\t\t\t\t\t\t\t\t\t\t\t\t\t\t\t<\/div>\n\t\t\t\t<\/div>\n\t\t\t\t<\/div>\n\t\t\t\t<\/div>\n\t\t\t\t\t<\/div>\n\t\t\t\t<\/div>\n\t\t\t\t<\/div>","protected":false},"excerpt":{"rendered":"<p>Since childhood, I have always enjoyed drawing. Over time, I decided to go deeper and study drawing techniques to improve my skills. Today, I use my illustrations in projects when the style and concept align, but I continue drawing as a hobby, whether in traditional or digital media.<\/p>","protected":false},"author":1,"featured_media":0,"parent":0,"menu_order":0,"comment_status":"closed","ping_status":"closed","template":"","meta":{"nf_dc_page":"","footnotes":""},"class_list":["post-341","page","type-page","status-publish","hentry"],"yoast_head":"<!-- This site is optimized with the Yoast SEO plugin v27.4 - https:\/\/yoast.com\/product\/yoast-seo-wordpress\/ -->\n<title>Ilustra\u00e7\u00f5es - Pedro Abe - Portfolio<\/title>\n<meta name=\"robots\" content=\"index, follow, max-snippet:-1, max-image-preview:large, max-video-preview:-1\" \/>\n<link rel=\"canonical\" href=\"https:\/\/pedroabe.online\/en\/ilustracoes\/\" \/>\n<meta property=\"og:locale\" content=\"en_US\" \/>\n<meta property=\"og:type\" content=\"article\" \/>\n<meta property=\"og:title\" content=\"Ilustra\u00e7\u00f5es - Pedro Abe - Portfolio\" \/>\n<meta property=\"og:description\" content=\"Desde crian\u00e7a, sempre gostei de desenhar. Com o tempo, decidi me aprofundar e estudar t\u00e9cnicas de desenho para aprimorar minhas habilidades. Hoje, utilizo minhas ilustra\u00e7\u00f5es em projetos quando o estilo e o conceito se alinham, mas continuo desenhando como hobby, seja em m\u00eddia tradicional ou digital.\" \/>\n<meta property=\"og:url\" content=\"https:\/\/pedroabe.online\/en\/ilustracoes\/\" \/>\n<meta property=\"og:site_name\" content=\"Pedro Abe - Portfolio\" \/>\n<meta property=\"article:modified_time\" content=\"2024-11-23T19:58:24+00:00\" \/>\n<meta property=\"og:image\" content=\"https:\/\/pedroabe.online\/wp-content\/uploads\/2024\/11\/abre_v3-1024x683.png\" \/>\n\t<meta property=\"og:image:width\" content=\"1024\" \/>\n\t<meta property=\"og:image:height\" content=\"683\" \/>\n\t<meta property=\"og:image:type\" content=\"image\/png\" \/>\n<meta name=\"twitter:card\" content=\"summary_large_image\" \/>\n<meta name=\"twitter:label1\" content=\"Est. reading time\" \/>\n\t<meta name=\"twitter:data1\" content=\"3 minutes\" \/>\n<script type=\"application\/ld+json\" class=\"yoast-schema-graph\">{\"@context\":\"https:\\\/\\\/schema.org\",\"@graph\":[{\"@type\":\"WebPage\",\"@id\":\"https:\\\/\\\/pedroabe.online\\\/ilustracoes\\\/\",\"url\":\"https:\\\/\\\/pedroabe.online\\\/ilustracoes\\\/\",\"name\":\"Ilustra\u00e7\u00f5es - Pedro Abe - Portfolio\",\"isPartOf\":{\"@id\":\"https:\\\/\\\/pedroabe.online\\\/#website\"},\"primaryImageOfPage\":{\"@id\":\"https:\\\/\\\/pedroabe.online\\\/ilustracoes\\\/#primaryimage\"},\"image\":{\"@id\":\"https:\\\/\\\/pedroabe.online\\\/ilustracoes\\\/#primaryimage\"},\"thumbnailUrl\":\"https:\\\/\\\/pedroabe.online\\\/wp-content\\\/uploads\\\/2024\\\/11\\\/abre_v3.png\",\"datePublished\":\"2024-10-26T21:24:05+00:00\",\"dateModified\":\"2024-11-23T19:58:24+00:00\",\"breadcrumb\":{\"@id\":\"https:\\\/\\\/pedroabe.online\\\/ilustracoes\\\/#breadcrumb\"},\"inLanguage\":\"en-US\",\"potentialAction\":[{\"@type\":\"ReadAction\",\"target\":[\"https:\\\/\\\/pedroabe.online\\\/ilustracoes\\\/\"]}]},{\"@type\":\"ImageObject\",\"inLanguage\":\"en-US\",\"@id\":\"https:\\\/\\\/pedroabe.online\\\/ilustracoes\\\/#primaryimage\",\"url\":\"https:\\\/\\\/pedroabe.online\\\/wp-content\\\/uploads\\\/2024\\\/11\\\/abre_v3.png\",\"contentUrl\":\"https:\\\/\\\/pedroabe.online\\\/wp-content\\\/uploads\\\/2024\\\/11\\\/abre_v3.png\"},{\"@type\":\"BreadcrumbList\",\"@id\":\"https:\\\/\\\/pedroabe.online\\\/ilustracoes\\\/#breadcrumb\",\"itemListElement\":[{\"@type\":\"ListItem\",\"position\":1,\"name\":\"Home\",\"item\":\"https:\\\/\\\/pedroabe.online\\\/\"},{\"@type\":\"ListItem\",\"position\":2,\"name\":\"Ilustra\u00e7\u00f5es\"}]},{\"@type\":\"WebSite\",\"@id\":\"https:\\\/\\\/pedroabe.online\\\/#website\",\"url\":\"https:\\\/\\\/pedroabe.online\\\/\",\"name\":\"Pedro Abe - Portfolio\",\"description\":\"\",\"publisher\":{\"@id\":\"https:\\\/\\\/pedroabe.online\\\/#organization\"},\"potentialAction\":[{\"@type\":\"SearchAction\",\"target\":{\"@type\":\"EntryPoint\",\"urlTemplate\":\"https:\\\/\\\/pedroabe.online\\\/?s={search_term_string}\"},\"query-input\":{\"@type\":\"PropertyValueSpecification\",\"valueRequired\":true,\"valueName\":\"search_term_string\"}}],\"inLanguage\":\"en-US\"},{\"@type\":\"Organization\",\"@id\":\"https:\\\/\\\/pedroabe.online\\\/#organization\",\"name\":\"Pedro Abe - Portfolio\",\"url\":\"https:\\\/\\\/pedroabe.online\\\/\",\"logo\":{\"@type\":\"ImageObject\",\"inLanguage\":\"en-US\",\"@id\":\"https:\\\/\\\/pedroabe.online\\\/#\\\/schema\\\/logo\\\/image\\\/\",\"url\":\"https:\\\/\\\/pedroabe.online\\\/wp-content\\\/uploads\\\/2024\\\/10\\\/cropped-cropped-polpo.png\",\"contentUrl\":\"https:\\\/\\\/pedroabe.online\\\/wp-content\\\/uploads\\\/2024\\\/10\\\/cropped-cropped-polpo.png\",\"width\":372,\"height\":284,\"caption\":\"Pedro Abe - Portfolio\"},\"image\":{\"@id\":\"https:\\\/\\\/pedroabe.online\\\/#\\\/schema\\\/logo\\\/image\\\/\"}}]}<\/script>\n<!-- \/ Yoast SEO plugin. -->","yoast_head_json":{"title":"Ilustra\u00e7\u00f5es - Pedro Abe - Portfolio","robots":{"index":"index","follow":"follow","max-snippet":"max-snippet:-1","max-image-preview":"max-image-preview:large","max-video-preview":"max-video-preview:-1"},"canonical":"https:\/\/pedroabe.online\/en\/ilustracoes\/","og_locale":"en_US","og_type":"article","og_title":"Ilustra\u00e7\u00f5es - Pedro Abe - Portfolio","og_description":"Desde crian\u00e7a, sempre gostei de desenhar. Com o tempo, decidi me aprofundar e estudar t\u00e9cnicas de desenho para aprimorar minhas habilidades. Hoje, utilizo minhas ilustra\u00e7\u00f5es em projetos quando o estilo e o conceito se alinham, mas continuo desenhando como hobby, seja em m\u00eddia tradicional ou digital.","og_url":"https:\/\/pedroabe.online\/en\/ilustracoes\/","og_site_name":"Pedro Abe - Portfolio","article_modified_time":"2024-11-23T19:58:24+00:00","og_image":[{"width":1024,"height":683,"url":"https:\/\/pedroabe.online\/wp-content\/uploads\/2024\/11\/abre_v3-1024x683.png","type":"image\/png"}],"twitter_card":"summary_large_image","twitter_misc":{"Est. reading time":"3 minutes"},"schema":{"@context":"https:\/\/schema.org","@graph":[{"@type":"WebPage","@id":"https:\/\/pedroabe.online\/ilustracoes\/","url":"https:\/\/pedroabe.online\/ilustracoes\/","name":"Ilustra\u00e7\u00f5es - Pedro Abe - Portfolio","isPartOf":{"@id":"https:\/\/pedroabe.online\/#website"},"primaryImageOfPage":{"@id":"https:\/\/pedroabe.online\/ilustracoes\/#primaryimage"},"image":{"@id":"https:\/\/pedroabe.online\/ilustracoes\/#primaryimage"},"thumbnailUrl":"https:\/\/pedroabe.online\/wp-content\/uploads\/2024\/11\/abre_v3.png","datePublished":"2024-10-26T21:24:05+00:00","dateModified":"2024-11-23T19:58:24+00:00","breadcrumb":{"@id":"https:\/\/pedroabe.online\/ilustracoes\/#breadcrumb"},"inLanguage":"en-US","potentialAction":[{"@type":"ReadAction","target":["https:\/\/pedroabe.online\/ilustracoes\/"]}]},{"@type":"ImageObject","inLanguage":"en-US","@id":"https:\/\/pedroabe.online\/ilustracoes\/#primaryimage","url":"https:\/\/pedroabe.online\/wp-content\/uploads\/2024\/11\/abre_v3.png","contentUrl":"https:\/\/pedroabe.online\/wp-content\/uploads\/2024\/11\/abre_v3.png"},{"@type":"BreadcrumbList","@id":"https:\/\/pedroabe.online\/ilustracoes\/#breadcrumb","itemListElement":[{"@type":"ListItem","position":1,"name":"Home","item":"https:\/\/pedroabe.online\/"},{"@type":"ListItem","position":2,"name":"Ilustra\u00e7\u00f5es"}]},{"@type":"WebSite","@id":"https:\/\/pedroabe.online\/#website","url":"https:\/\/pedroabe.online\/","name":"Pedro Abe - Portfolio","description":"","publisher":{"@id":"https:\/\/pedroabe.online\/#organization"},"potentialAction":[{"@type":"SearchAction","target":{"@type":"EntryPoint","urlTemplate":"https:\/\/pedroabe.online\/?s={search_term_string}"},"query-input":{"@type":"PropertyValueSpecification","valueRequired":true,"valueName":"search_term_string"}}],"inLanguage":"en-US"},{"@type":"Organization","@id":"https:\/\/pedroabe.online\/#organization","name":"Pedro Abe - Portfolio","url":"https:\/\/pedroabe.online\/","logo":{"@type":"ImageObject","inLanguage":"en-US","@id":"https:\/\/pedroabe.online\/#\/schema\/logo\/image\/","url":"https:\/\/pedroabe.online\/wp-content\/uploads\/2024\/10\/cropped-cropped-polpo.png","contentUrl":"https:\/\/pedroabe.online\/wp-content\/uploads\/2024\/10\/cropped-cropped-polpo.png","width":372,"height":284,"caption":"Pedro Abe - Portfolio"},"image":{"@id":"https:\/\/pedroabe.online\/#\/schema\/logo\/image\/"}}]}},"_links":{"self":[{"href":"https:\/\/pedroabe.online\/en\/wp-json\/wp\/v2\/pages\/341","targetHints":{"allow":["GET"]}}],"collection":[{"href":"https:\/\/pedroabe.online\/en\/wp-json\/wp\/v2\/pages"}],"about":[{"href":"https:\/\/pedroabe.online\/en\/wp-json\/wp\/v2\/types\/page"}],"author":[{"embeddable":true,"href":"https:\/\/pedroabe.online\/en\/wp-json\/wp\/v2\/users\/1"}],"replies":[{"embeddable":true,"href":"https:\/\/pedroabe.online\/en\/wp-json\/wp\/v2\/comments?post=341"}],"version-history":[{"count":5,"href":"https:\/\/pedroabe.online\/en\/wp-json\/wp\/v2\/pages\/341\/revisions"}],"predecessor-version":[{"id":1527,"href":"https:\/\/pedroabe.online\/en\/wp-json\/wp\/v2\/pages\/341\/revisions\/1527"}],"wp:attachment":[{"href":"https:\/\/pedroabe.online\/en\/wp-json\/wp\/v2\/media?parent=341"}],"curies":[{"name":"wp","href":"https:\/\/api.w.org\/{rel}","templated":true}]}}