{"id":18,"date":"2024-10-19T00:03:54","date_gmt":"2024-10-19T00:03:54","guid":{"rendered":"https:\/\/pedroabe.online\/?page_id=18"},"modified":"2024-11-23T20:19:18","modified_gmt":"2024-11-23T20:19:18","slug":"projetos","status":"publish","type":"page","link":"https:\/\/pedroabe.online\/en\/","title":{"rendered":"Projects"},"content":{"rendered":"<div data-elementor-type=\"wp-page\" data-elementor-id=\"18\" class=\"elementor elementor-18\">\n\t\t\t\t<div class=\"elementor-element elementor-element-791235d e-flex e-con-boxed e-con e-parent\" data-id=\"791235d\" data-element_type=\"container\" data-e-type=\"container\">\n\t\t\t\t\t<div class=\"e-con-inner\">\n\t\t\t\t<div class=\"elementor-element elementor-element-d4051e2 elementor-widget elementor-widget-spacer\" data-id=\"d4051e2\" data-element_type=\"widget\" data-e-type=\"widget\" data-widget_type=\"spacer.default\">\n\t\t\t\t<div class=\"elementor-widget-container\">\n\t\t\t\t\t\t\t<div class=\"elementor-spacer\">\n\t\t\t<div class=\"elementor-spacer-inner\"><\/div>\n\t\t<\/div>\n\t\t\t\t\t\t<\/div>\n\t\t\t\t<\/div>\n\t\t\t\t\t<\/div>\n\t\t\t\t<\/div>\n\t\t<div class=\"elementor-element elementor-element-29eab0b e-grid e-con-full e-con e-parent\" data-id=\"29eab0b\" data-element_type=\"container\" data-e-type=\"container\">\n\t\t\t\t<div class=\"elementor-element elementor-element-16821f9 elementor-widget elementor-widget-image\" data-id=\"16821f9\" data-element_type=\"widget\" data-e-type=\"widget\" data-widget_type=\"image.default\">\n\t\t\t\t<div class=\"elementor-widget-container\">\n\t\t\t\t\t\t\t\t\t\t\t\t<figure class=\"wp-caption\">\n\t\t\t\t\t\t\t\t\t\t\t<a href=\"https:\/\/pedroabe.online\/en\/presas\/\">\n\t\t\t\t\t\t\t<img fetchpriority=\"high\" decoding=\"async\" width=\"768\" height=\"768\" src=\"https:\/\/pedroabe.online\/wp-content\/uploads\/2024\/10\/presas-768x768.png\" class=\"elementor-animation-bob attachment-medium_large size-medium_large wp-image-278\" alt=\"\" srcset=\"https:\/\/pedroabe.online\/wp-content\/uploads\/2024\/10\/presas-768x768.png 768w, https:\/\/pedroabe.online\/wp-content\/uploads\/2024\/10\/presas-300x300.png 300w, https:\/\/pedroabe.online\/wp-content\/uploads\/2024\/10\/presas-1024x1024.png 1024w, https:\/\/pedroabe.online\/wp-content\/uploads\/2024\/10\/presas-150x150.png 150w, https:\/\/pedroabe.online\/wp-content\/uploads\/2024\/10\/presas.png 1080w\" sizes=\"(max-width: 768px) 100vw, 768px\" \/>\t\t\t\t\t\t\t\t<\/a>\n\t\t\t\t\t\t\t\t\t\t\t<figcaption class=\"widget-image-caption wp-caption-text\">Presas: Board Game<\/figcaption>\n\t\t\t\t\t\t\t\t\t\t<\/figure>\n\t\t\t\t\t\t\t\t\t<\/div>\n\t\t\t\t<\/div>\n\t\t\t\t<div class=\"elementor-element elementor-element-1369b68 elementor-widget elementor-widget-image\" data-id=\"1369b68\" data-element_type=\"widget\" data-e-type=\"widget\" data-widget_type=\"image.default\">\n\t\t\t\t<div class=\"elementor-widget-container\">\n\t\t\t\t\t\t\t\t\t\t\t\t<figure class=\"wp-caption\">\n\t\t\t\t\t\t\t\t\t\t\t<a href=\"https:\/\/pedroabe.online\/en\/marca-propria\/\">\n\t\t\t\t\t\t\t<img decoding=\"async\" width=\"768\" height=\"768\" src=\"https:\/\/pedroabe.online\/wp-content\/uploads\/2024\/10\/polpo-768x768.png\" class=\"elementor-animation-bob attachment-medium_large size-medium_large wp-image-37\" alt=\"\" srcset=\"https:\/\/pedroabe.online\/wp-content\/uploads\/2024\/10\/polpo-768x768.png 768w, https:\/\/pedroabe.online\/wp-content\/uploads\/2024\/10\/polpo-300x300.png 300w, https:\/\/pedroabe.online\/wp-content\/uploads\/2024\/10\/polpo-1024x1024.png 1024w, https:\/\/pedroabe.online\/wp-content\/uploads\/2024\/10\/polpo-150x150.png 150w, https:\/\/pedroabe.online\/wp-content\/uploads\/2024\/10\/polpo.png 1080w\" sizes=\"(max-width: 768px) 100vw, 768px\" \/>\t\t\t\t\t\t\t\t<\/a>\n\t\t\t\t\t\t\t\t\t\t\t<figcaption class=\"widget-image-caption wp-caption-text\">Personal Brand<\/figcaption>\n\t\t\t\t\t\t\t\t\t\t<\/figure>\n\t\t\t\t\t\t\t\t\t<\/div>\n\t\t\t\t<\/div>\n\t\t\t\t<div class=\"elementor-element elementor-element-bb45557 elementor-widget elementor-widget-image\" data-id=\"bb45557\" data-element_type=\"widget\" data-e-type=\"widget\" data-widget_type=\"image.default\">\n\t\t\t\t<div class=\"elementor-widget-container\">\n\t\t\t\t\t\t\t\t\t\t\t\t<figure class=\"wp-caption\">\n\t\t\t\t\t\t\t\t\t\t\t<a href=\"https:\/\/pedroabe.online\/en\/impressoes-3d\/\">\n\t\t\t\t\t\t\t<img decoding=\"async\" width=\"768\" height=\"768\" src=\"https:\/\/pedroabe.online\/wp-content\/uploads\/2024\/11\/3D_v2-768x768.png\" class=\"elementor-animation-bob attachment-medium_large size-medium_large wp-image-1531\" alt=\"\" srcset=\"https:\/\/pedroabe.online\/wp-content\/uploads\/2024\/11\/3D_v2-768x768.png 768w, https:\/\/pedroabe.online\/wp-content\/uploads\/2024\/11\/3D_v2-300x300.png 300w, https:\/\/pedroabe.online\/wp-content\/uploads\/2024\/11\/3D_v2-1024x1024.png 1024w, https:\/\/pedroabe.online\/wp-content\/uploads\/2024\/11\/3D_v2-150x150.png 150w, https:\/\/pedroabe.online\/wp-content\/uploads\/2024\/11\/3D_v2.png 1080w\" sizes=\"(max-width: 768px) 100vw, 768px\" \/>\t\t\t\t\t\t\t\t<\/a>\n\t\t\t\t\t\t\t\t\t\t\t<figcaption class=\"widget-image-caption wp-caption-text\">3D Prints<\/figcaption>\n\t\t\t\t\t\t\t\t\t\t<\/figure>\n\t\t\t\t\t\t\t\t\t<\/div>\n\t\t\t\t<\/div>\n\t\t\t\t<div class=\"elementor-element elementor-element-0399019 elementor-widget elementor-widget-image\" data-id=\"0399019\" data-element_type=\"widget\" data-e-type=\"widget\" data-widget_type=\"image.default\">\n\t\t\t\t<div class=\"elementor-widget-container\">\n\t\t\t\t\t\t\t\t\t\t\t\t<figure class=\"wp-caption\">\n\t\t\t\t\t\t\t\t\t\t\t<a href=\"https:\/\/pedroabe.online\/en\/animacao-prensa-francesa\/\">\n\t\t\t\t\t\t\t<img loading=\"lazy\" decoding=\"async\" width=\"768\" height=\"768\" src=\"https:\/\/pedroabe.online\/wp-content\/uploads\/2024\/10\/caneco-768x768.png\" class=\"elementor-animation-bob attachment-medium_large size-medium_large wp-image-284\" alt=\"\" srcset=\"https:\/\/pedroabe.online\/wp-content\/uploads\/2024\/10\/caneco-768x768.png 768w, https:\/\/pedroabe.online\/wp-content\/uploads\/2024\/10\/caneco-300x300.png 300w, https:\/\/pedroabe.online\/wp-content\/uploads\/2024\/10\/caneco-1024x1024.png 1024w, https:\/\/pedroabe.online\/wp-content\/uploads\/2024\/10\/caneco-150x150.png 150w, https:\/\/pedroabe.online\/wp-content\/uploads\/2024\/10\/caneco.png 1080w\" sizes=\"(max-width: 768px) 100vw, 768px\" \/>\t\t\t\t\t\t\t\t<\/a>\n\t\t\t\t\t\t\t\t\t\t\t<figcaption class=\"widget-image-caption wp-caption-text\">Animation: French Press<\/figcaption>\n\t\t\t\t\t\t\t\t\t\t<\/figure>\n\t\t\t\t\t\t\t\t\t<\/div>\n\t\t\t\t<\/div>\n\t\t\t\t<div class=\"elementor-element elementor-element-fc232fa elementor-widget elementor-widget-image\" data-id=\"fc232fa\" data-element_type=\"widget\" data-e-type=\"widget\" data-widget_type=\"image.default\">\n\t\t\t\t<div class=\"elementor-widget-container\">\n\t\t\t\t\t\t\t\t\t\t\t\t<figure class=\"wp-caption\">\n\t\t\t\t\t\t\t\t\t\t\t<a href=\"https:\/\/pedroabe.online\/en\/ilustracoes\/\">\n\t\t\t\t\t\t\t<img loading=\"lazy\" decoding=\"async\" width=\"768\" height=\"768\" src=\"https:\/\/pedroabe.online\/wp-content\/uploads\/2024\/10\/caneta-768x768.png\" class=\"elementor-animation-bob attachment-medium_large size-medium_large wp-image-285\" alt=\"\" srcset=\"https:\/\/pedroabe.online\/wp-content\/uploads\/2024\/10\/caneta-768x768.png 768w, https:\/\/pedroabe.online\/wp-content\/uploads\/2024\/10\/caneta-300x300.png 300w, https:\/\/pedroabe.online\/wp-content\/uploads\/2024\/10\/caneta-1024x1024.png 1024w, https:\/\/pedroabe.online\/wp-content\/uploads\/2024\/10\/caneta-150x150.png 150w, https:\/\/pedroabe.online\/wp-content\/uploads\/2024\/10\/caneta.png 1080w\" sizes=\"(max-width: 768px) 100vw, 768px\" \/>\t\t\t\t\t\t\t\t<\/a>\n\t\t\t\t\t\t\t\t\t\t\t<figcaption class=\"widget-image-caption wp-caption-text\">Illustrations<\/figcaption>\n\t\t\t\t\t\t\t\t\t\t<\/figure>\n\t\t\t\t\t\t\t\t\t<\/div>\n\t\t\t\t<\/div>\n\t\t\t\t<div class=\"elementor-element elementor-element-5a82aa3 elementor-widget elementor-widget-image\" data-id=\"5a82aa3\" data-element_type=\"widget\" data-e-type=\"widget\" data-widget_type=\"image.default\">\n\t\t\t\t<div class=\"elementor-widget-container\">\n\t\t\t\t\t\t\t\t\t\t\t\t<figure class=\"wp-caption\">\n\t\t\t\t\t\t\t\t\t\t\t<a href=\"https:\/\/pedroabe.online\/en\/animacoes-de-personagem\/\">\n\t\t\t\t\t\t\t<img loading=\"lazy\" decoding=\"async\" width=\"768\" height=\"768\" src=\"https:\/\/pedroabe.online\/wp-content\/uploads\/2024\/10\/w-72-768x768.png\" class=\"elementor-animation-bob attachment-medium_large size-medium_large wp-image-279\" alt=\"\" srcset=\"https:\/\/pedroabe.online\/wp-content\/uploads\/2024\/10\/w-72-768x768.png 768w, https:\/\/pedroabe.online\/wp-content\/uploads\/2024\/10\/w-72-300x300.png 300w, https:\/\/pedroabe.online\/wp-content\/uploads\/2024\/10\/w-72-1024x1024.png 1024w, https:\/\/pedroabe.online\/wp-content\/uploads\/2024\/10\/w-72-150x150.png 150w, https:\/\/pedroabe.online\/wp-content\/uploads\/2024\/10\/w-72.png 1080w\" sizes=\"(max-width: 768px) 100vw, 768px\" \/>\t\t\t\t\t\t\t\t<\/a>\n\t\t\t\t\t\t\t\t\t\t\t<figcaption class=\"widget-image-caption wp-caption-text\">Character Animation<\/figcaption>\n\t\t\t\t\t\t\t\t\t\t<\/figure>\n\t\t\t\t\t\t\t\t\t<\/div>\n\t\t\t\t<\/div>\n\t\t\t\t<div class=\"elementor-element elementor-element-2f98413 elementor-widget elementor-widget-image\" data-id=\"2f98413\" data-element_type=\"widget\" data-e-type=\"widget\" data-widget_type=\"image.default\">\n\t\t\t\t<div class=\"elementor-widget-container\">\n\t\t\t\t\t\t\t\t\t\t\t\t<figure class=\"wp-caption\">\n\t\t\t\t\t\t\t\t\t\t\t<a href=\"https:\/\/pedroabe.online\/en\/dsgmov2\/\">\n\t\t\t\t\t\t\t<img loading=\"lazy\" decoding=\"async\" width=\"768\" height=\"768\" src=\"https:\/\/pedroabe.online\/wp-content\/uploads\/2024\/10\/MOV-768x768.png\" class=\"elementor-animation-bob attachment-medium_large size-medium_large wp-image-313\" alt=\"\" srcset=\"https:\/\/pedroabe.online\/wp-content\/uploads\/2024\/10\/MOV-768x768.png 768w, https:\/\/pedroabe.online\/wp-content\/uploads\/2024\/10\/MOV-300x300.png 300w, https:\/\/pedroabe.online\/wp-content\/uploads\/2024\/10\/MOV-1024x1024.png 1024w, https:\/\/pedroabe.online\/wp-content\/uploads\/2024\/10\/MOV-150x150.png 150w, https:\/\/pedroabe.online\/wp-content\/uploads\/2024\/10\/MOV.png 1080w\" sizes=\"(max-width: 768px) 100vw, 768px\" \/>\t\t\t\t\t\t\t\t<\/a>\n\t\t\t\t\t\t\t\t\t\t\t<figcaption class=\"widget-image-caption wp-caption-text\">DSGMOV2<\/figcaption>\n\t\t\t\t\t\t\t\t\t\t<\/figure>\n\t\t\t\t\t\t\t\t\t<\/div>\n\t\t\t\t<\/div>\n\t\t\t\t<div class=\"elementor-element elementor-element-28a0fd7 elementor-widget elementor-widget-image\" data-id=\"28a0fd7\" data-element_type=\"widget\" data-e-type=\"widget\" data-widget_type=\"image.default\">\n\t\t\t\t<div class=\"elementor-widget-container\">\n\t\t\t\t\t\t\t\t\t\t\t\t<figure class=\"wp-caption\">\n\t\t\t\t\t\t\t\t\t\t\t<a href=\"https:\/\/pedroabe.online\/en\/roomba\/\">\n\t\t\t\t\t\t\t<img loading=\"lazy\" decoding=\"async\" width=\"768\" height=\"768\" src=\"https:\/\/pedroabe.online\/wp-content\/uploads\/2024\/11\/Roomba-768x768.png\" class=\"elementor-animation-bob attachment-medium_large size-medium_large wp-image-1532\" alt=\"\" srcset=\"https:\/\/pedroabe.online\/wp-content\/uploads\/2024\/11\/Roomba-768x768.png 768w, https:\/\/pedroabe.online\/wp-content\/uploads\/2024\/11\/Roomba-300x300.png 300w, https:\/\/pedroabe.online\/wp-content\/uploads\/2024\/11\/Roomba-1024x1024.png 1024w, https:\/\/pedroabe.online\/wp-content\/uploads\/2024\/11\/Roomba-150x150.png 150w, https:\/\/pedroabe.online\/wp-content\/uploads\/2024\/11\/Roomba.png 1080w\" sizes=\"(max-width: 768px) 100vw, 768px\" \/>\t\t\t\t\t\t\t\t<\/a>\n\t\t\t\t\t\t\t\t\t\t\t<figcaption class=\"widget-image-caption wp-caption-text\">Roomba: 3D Animation<\/figcaption>\n\t\t\t\t\t\t\t\t\t\t<\/figure>\n\t\t\t\t\t\t\t\t\t<\/div>\n\t\t\t\t<\/div>\n\t\t\t\t<div class=\"elementor-element elementor-element-41a185b elementor-widget elementor-widget-image\" data-id=\"41a185b\" data-element_type=\"widget\" data-e-type=\"widget\" data-widget_type=\"image.default\">\n\t\t\t\t<div class=\"elementor-widget-container\">\n\t\t\t\t\t\t\t\t\t\t\t\t<figure class=\"wp-caption\">\n\t\t\t\t\t\t\t\t\t\t\t<a href=\"https:\/\/pedroabe.online\/en\/video-app-manole\/\">\n\t\t\t\t\t\t\t<img loading=\"lazy\" decoding=\"async\" width=\"768\" height=\"768\" src=\"https:\/\/pedroabe.online\/wp-content\/uploads\/2024\/10\/App-768x768.png\" class=\"elementor-animation-bob attachment-medium_large size-medium_large wp-image-322\" alt=\"\" srcset=\"https:\/\/pedroabe.online\/wp-content\/uploads\/2024\/10\/App-768x768.png 768w, https:\/\/pedroabe.online\/wp-content\/uploads\/2024\/10\/App-300x300.png 300w, https:\/\/pedroabe.online\/wp-content\/uploads\/2024\/10\/App-1024x1024.png 1024w, https:\/\/pedroabe.online\/wp-content\/uploads\/2024\/10\/App-150x150.png 150w, https:\/\/pedroabe.online\/wp-content\/uploads\/2024\/10\/App.png 1080w\" sizes=\"(max-width: 768px) 100vw, 768px\" \/>\t\t\t\t\t\t\t\t<\/a>\n\t\t\t\t\t\t\t\t\t\t\t<figcaption class=\"widget-image-caption wp-caption-text\">Video: App Manole<\/figcaption>\n\t\t\t\t\t\t\t\t\t\t<\/figure>\n\t\t\t\t\t\t\t\t\t<\/div>\n\t\t\t\t<\/div>\n\t\t\t\t<\/div>\n\t\t<div class=\"elementor-element elementor-element-d281359 e-flex e-con-boxed e-con e-parent\" data-id=\"d281359\" data-element_type=\"container\" data-e-type=\"container\">\n\t\t\t\t\t<div class=\"e-con-inner\">\n\t\t\t\t<div class=\"elementor-element elementor-element-3df0917 elementor-widget elementor-widget-spacer\" data-id=\"3df0917\" data-element_type=\"widget\" data-e-type=\"widget\" data-widget_type=\"spacer.default\">\n\t\t\t\t<div class=\"elementor-widget-container\">\n\t\t\t\t\t\t\t<div class=\"elementor-spacer\">\n\t\t\t<div class=\"elementor-spacer-inner\"><\/div>\n\t\t<\/div>\n\t\t\t\t\t\t<\/div>\n\t\t\t\t<\/div>\n\t\t\t\t\t<\/div>\n\t\t\t\t<\/div>\n\t\t\t\t<\/div>","protected":false},"excerpt":{"rendered":"<p>Presas: Jogo Anal\u00f3gico Marca Pr\u00f3pria Impress\u00f5es 3D Anima\u00e7\u00e3o: Prensa Francesa Ilustra\u00e7\u00f5es Anima\u00e7\u00f5es de Personagem DSGMOV2 Roomba: Anima\u00e7\u00e3o 3D V\u00eddeo App Manole<\/p>","protected":false},"author":1,"featured_media":0,"parent":0,"menu_order":0,"comment_status":"closed","ping_status":"closed","template":"","meta":{"nf_dc_page":"","footnotes":""},"class_list":["post-18","page","type-page","status-publish","hentry"],"yoast_head":"<!-- This site is optimized with the Yoast SEO plugin v27.4 - https:\/\/yoast.com\/product\/yoast-seo-wordpress\/ -->\n<title>Projetos - Pedro Abe - Portfolio<\/title>\n<meta name=\"robots\" content=\"index, follow, max-snippet:-1, max-image-preview:large, max-video-preview:-1\" \/>\n<link rel=\"canonical\" href=\"https:\/\/pedroabe.online\/en\/\" \/>\n<meta property=\"og:locale\" content=\"en_US\" \/>\n<meta property=\"og:type\" content=\"article\" \/>\n<meta property=\"og:title\" content=\"Projetos - Pedro Abe - Portfolio\" \/>\n<meta property=\"og:description\" content=\"Presas: Jogo Anal\u00f3gico Marca Pr\u00f3pria Impress\u00f5es 3D Anima\u00e7\u00e3o: Prensa Francesa Ilustra\u00e7\u00f5es Anima\u00e7\u00f5es de Personagem DSGMOV2 Roomba: Anima\u00e7\u00e3o 3D V\u00eddeo App Manole\" \/>\n<meta property=\"og:url\" content=\"https:\/\/pedroabe.online\/en\/\" \/>\n<meta property=\"og:site_name\" content=\"Pedro Abe - Portfolio\" \/>\n<meta property=\"article:modified_time\" content=\"2024-11-23T20:19:18+00:00\" \/>\n<meta property=\"og:image\" content=\"https:\/\/pedroabe.online\/wp-content\/uploads\/2024\/10\/presas.png\" \/>\n\t<meta property=\"og:image:width\" content=\"1080\" \/>\n\t<meta property=\"og:image:height\" content=\"1080\" \/>\n\t<meta property=\"og:image:type\" content=\"image\/png\" \/>\n<meta name=\"twitter:card\" content=\"summary_large_image\" \/>\n<meta name=\"twitter:label1\" content=\"Est. reading time\" \/>\n\t<meta name=\"twitter:data1\" content=\"2 minutes\" \/>\n<script type=\"application\/ld+json\" class=\"yoast-schema-graph\">{\"@context\":\"https:\\\/\\\/schema.org\",\"@graph\":[{\"@type\":\"WebPage\",\"@id\":\"https:\\\/\\\/pedroabe.online\\\/\",\"url\":\"https:\\\/\\\/pedroabe.online\\\/\",\"name\":\"Projetos - Pedro Abe - Portfolio\",\"isPartOf\":{\"@id\":\"https:\\\/\\\/pedroabe.online\\\/#website\"},\"primaryImageOfPage\":{\"@id\":\"https:\\\/\\\/pedroabe.online\\\/#primaryimage\"},\"image\":{\"@id\":\"https:\\\/\\\/pedroabe.online\\\/#primaryimage\"},\"thumbnailUrl\":\"https:\\\/\\\/pedroabe.online\\\/wp-content\\\/uploads\\\/2024\\\/10\\\/presas-768x768.png\",\"datePublished\":\"2024-10-19T00:03:54+00:00\",\"dateModified\":\"2024-11-23T20:19:18+00:00\",\"breadcrumb\":{\"@id\":\"https:\\\/\\\/pedroabe.online\\\/#breadcrumb\"},\"inLanguage\":\"en-US\",\"potentialAction\":[{\"@type\":\"ReadAction\",\"target\":[\"https:\\\/\\\/pedroabe.online\\\/\"]}]},{\"@type\":\"ImageObject\",\"inLanguage\":\"en-US\",\"@id\":\"https:\\\/\\\/pedroabe.online\\\/#primaryimage\",\"url\":\"https:\\\/\\\/pedroabe.online\\\/wp-content\\\/uploads\\\/2024\\\/10\\\/presas-768x768.png\",\"contentUrl\":\"https:\\\/\\\/pedroabe.online\\\/wp-content\\\/uploads\\\/2024\\\/10\\\/presas-768x768.png\"},{\"@type\":\"BreadcrumbList\",\"@id\":\"https:\\\/\\\/pedroabe.online\\\/#breadcrumb\",\"itemListElement\":[{\"@type\":\"ListItem\",\"position\":1,\"name\":\"Home\",\"item\":\"https:\\\/\\\/pedroabe.online\\\/\"},{\"@type\":\"ListItem\",\"position\":2,\"name\":\"Projetos\"}]},{\"@type\":\"WebSite\",\"@id\":\"https:\\\/\\\/pedroabe.online\\\/#website\",\"url\":\"https:\\\/\\\/pedroabe.online\\\/\",\"name\":\"Pedro Abe - Portfolio\",\"description\":\"\",\"publisher\":{\"@id\":\"https:\\\/\\\/pedroabe.online\\\/#organization\"},\"potentialAction\":[{\"@type\":\"SearchAction\",\"target\":{\"@type\":\"EntryPoint\",\"urlTemplate\":\"https:\\\/\\\/pedroabe.online\\\/?s={search_term_string}\"},\"query-input\":{\"@type\":\"PropertyValueSpecification\",\"valueRequired\":true,\"valueName\":\"search_term_string\"}}],\"inLanguage\":\"en-US\"},{\"@type\":\"Organization\",\"@id\":\"https:\\\/\\\/pedroabe.online\\\/#organization\",\"name\":\"Pedro Abe - Portfolio\",\"url\":\"https:\\\/\\\/pedroabe.online\\\/\",\"logo\":{\"@type\":\"ImageObject\",\"inLanguage\":\"en-US\",\"@id\":\"https:\\\/\\\/pedroabe.online\\\/#\\\/schema\\\/logo\\\/image\\\/\",\"url\":\"https:\\\/\\\/pedroabe.online\\\/wp-content\\\/uploads\\\/2024\\\/10\\\/cropped-cropped-polpo.png\",\"contentUrl\":\"https:\\\/\\\/pedroabe.online\\\/wp-content\\\/uploads\\\/2024\\\/10\\\/cropped-cropped-polpo.png\",\"width\":372,\"height\":284,\"caption\":\"Pedro Abe - Portfolio\"},\"image\":{\"@id\":\"https:\\\/\\\/pedroabe.online\\\/#\\\/schema\\\/logo\\\/image\\\/\"}}]}<\/script>\n<!-- \/ Yoast SEO plugin. -->","yoast_head_json":{"title":"Projetos - Pedro Abe - Portfolio","robots":{"index":"index","follow":"follow","max-snippet":"max-snippet:-1","max-image-preview":"max-image-preview:large","max-video-preview":"max-video-preview:-1"},"canonical":"https:\/\/pedroabe.online\/en\/","og_locale":"en_US","og_type":"article","og_title":"Projetos - Pedro Abe - Portfolio","og_description":"Presas: Jogo Anal\u00f3gico Marca Pr\u00f3pria Impress\u00f5es 3D Anima\u00e7\u00e3o: Prensa Francesa Ilustra\u00e7\u00f5es Anima\u00e7\u00f5es de Personagem DSGMOV2 Roomba: Anima\u00e7\u00e3o 3D V\u00eddeo App Manole","og_url":"https:\/\/pedroabe.online\/en\/","og_site_name":"Pedro Abe - Portfolio","article_modified_time":"2024-11-23T20:19:18+00:00","og_image":[{"width":1080,"height":1080,"url":"https:\/\/pedroabe.online\/wp-content\/uploads\/2024\/10\/presas.png","type":"image\/png"}],"twitter_card":"summary_large_image","twitter_misc":{"Est. reading time":"2 minutes"},"schema":{"@context":"https:\/\/schema.org","@graph":[{"@type":"WebPage","@id":"https:\/\/pedroabe.online\/","url":"https:\/\/pedroabe.online\/","name":"Projetos - Pedro Abe - Portfolio","isPartOf":{"@id":"https:\/\/pedroabe.online\/#website"},"primaryImageOfPage":{"@id":"https:\/\/pedroabe.online\/#primaryimage"},"image":{"@id":"https:\/\/pedroabe.online\/#primaryimage"},"thumbnailUrl":"https:\/\/pedroabe.online\/wp-content\/uploads\/2024\/10\/presas-768x768.png","datePublished":"2024-10-19T00:03:54+00:00","dateModified":"2024-11-23T20:19:18+00:00","breadcrumb":{"@id":"https:\/\/pedroabe.online\/#breadcrumb"},"inLanguage":"en-US","potentialAction":[{"@type":"ReadAction","target":["https:\/\/pedroabe.online\/"]}]},{"@type":"ImageObject","inLanguage":"en-US","@id":"https:\/\/pedroabe.online\/#primaryimage","url":"https:\/\/pedroabe.online\/wp-content\/uploads\/2024\/10\/presas-768x768.png","contentUrl":"https:\/\/pedroabe.online\/wp-content\/uploads\/2024\/10\/presas-768x768.png"},{"@type":"BreadcrumbList","@id":"https:\/\/pedroabe.online\/#breadcrumb","itemListElement":[{"@type":"ListItem","position":1,"name":"Home","item":"https:\/\/pedroabe.online\/"},{"@type":"ListItem","position":2,"name":"Projetos"}]},{"@type":"WebSite","@id":"https:\/\/pedroabe.online\/#website","url":"https:\/\/pedroabe.online\/","name":"Pedro Abe - Portfolio","description":"","publisher":{"@id":"https:\/\/pedroabe.online\/#organization"},"potentialAction":[{"@type":"SearchAction","target":{"@type":"EntryPoint","urlTemplate":"https:\/\/pedroabe.online\/?s={search_term_string}"},"query-input":{"@type":"PropertyValueSpecification","valueRequired":true,"valueName":"search_term_string"}}],"inLanguage":"en-US"},{"@type":"Organization","@id":"https:\/\/pedroabe.online\/#organization","name":"Pedro Abe - Portfolio","url":"https:\/\/pedroabe.online\/","logo":{"@type":"ImageObject","inLanguage":"en-US","@id":"https:\/\/pedroabe.online\/#\/schema\/logo\/image\/","url":"https:\/\/pedroabe.online\/wp-content\/uploads\/2024\/10\/cropped-cropped-polpo.png","contentUrl":"https:\/\/pedroabe.online\/wp-content\/uploads\/2024\/10\/cropped-cropped-polpo.png","width":372,"height":284,"caption":"Pedro Abe - Portfolio"},"image":{"@id":"https:\/\/pedroabe.online\/#\/schema\/logo\/image\/"}}]}},"_links":{"self":[{"href":"https:\/\/pedroabe.online\/en\/wp-json\/wp\/v2\/pages\/18","targetHints":{"allow":["GET"]}}],"collection":[{"href":"https:\/\/pedroabe.online\/en\/wp-json\/wp\/v2\/pages"}],"about":[{"href":"https:\/\/pedroabe.online\/en\/wp-json\/wp\/v2\/types\/page"}],"author":[{"embeddable":true,"href":"https:\/\/pedroabe.online\/en\/wp-json\/wp\/v2\/users\/1"}],"replies":[{"embeddable":true,"href":"https:\/\/pedroabe.online\/en\/wp-json\/wp\/v2\/comments?post=18"}],"version-history":[{"count":6,"href":"https:\/\/pedroabe.online\/en\/wp-json\/wp\/v2\/pages\/18\/revisions"}],"predecessor-version":[{"id":1603,"href":"https:\/\/pedroabe.online\/en\/wp-json\/wp\/v2\/pages\/18\/revisions\/1603"}],"wp:attachment":[{"href":"https:\/\/pedroabe.online\/en\/wp-json\/wp\/v2\/media?parent=18"}],"curies":[{"name":"wp","href":"https:\/\/api.w.org\/{rel}","templated":true}]}}