{"id":1263,"date":"2024-11-20T18:17:07","date_gmt":"2024-11-20T18:17:07","guid":{"rendered":"https:\/\/pedroabe.online\/?page_id=1263"},"modified":"2024-11-20T18:28:09","modified_gmt":"2024-11-20T18:28:09","slug":"velocidade","status":"publish","type":"page","link":"https:\/\/pedroabe.online\/en\/velocidade\/","title":{"rendered":"Speed"},"content":{"rendered":"<div data-elementor-type=\"wp-page\" data-elementor-id=\"1263\" class=\"elementor elementor-1263\">\n\t\t\t\t<div class=\"elementor-element elementor-element-264f831 e-flex e-con-boxed e-con e-parent\" data-id=\"264f831\" data-element_type=\"container\" data-e-type=\"container\">\n\t\t\t\t\t<div class=\"e-con-inner\">\n\t\t\t\t<div class=\"elementor-element elementor-element-1999b80 elementor-widget elementor-widget-spacer\" data-id=\"1999b80\" data-element_type=\"widget\" data-e-type=\"widget\" data-widget_type=\"spacer.default\">\n\t\t\t\t<div class=\"elementor-widget-container\">\n\t\t\t\t\t\t\t<div class=\"elementor-spacer\">\n\t\t\t<div class=\"elementor-spacer-inner\"><\/div>\n\t\t<\/div>\n\t\t\t\t\t\t<\/div>\n\t\t\t\t<\/div>\n\t\t\t\t\t<\/div>\n\t\t\t\t<\/div>\n\t\t<div class=\"elementor-element elementor-element-b8cb489 e-flex e-con-boxed e-con e-parent\" data-id=\"b8cb489\" data-element_type=\"container\" data-e-type=\"container\">\n\t\t\t\t\t<div class=\"e-con-inner\">\n\t\t<div class=\"elementor-element elementor-element-52e9942 e-con-full e-flex e-con e-child\" data-id=\"52e9942\" data-element_type=\"container\" data-e-type=\"container\">\n\t\t\t\t<div class=\"elementor-element elementor-element-74bdad3 elementor-widget elementor-widget-button\" data-id=\"74bdad3\" data-element_type=\"widget\" data-e-type=\"widget\" data-widget_type=\"button.default\">\n\t\t\t\t<div class=\"elementor-widget-container\">\n\t\t\t\t\t\t\t\t\t<div class=\"elementor-button-wrapper\">\n\t\t\t\t\t<a class=\"elementor-button elementor-button-link elementor-size-sm\" href=\"https:\/\/pedroabe.online\/en\/ilustracoes\/\">\n\t\t\t\t\t\t<span class=\"elementor-button-content-wrapper\">\n\t\t\t\t\t\t<span class=\"elementor-button-icon\">\n\t\t\t\t<i aria-hidden=\"true\" class=\"icon icon-squares\"><\/i>\t\t\t<\/span>\n\t\t\t\t\t\t\t\t\t<span class=\"elementor-button-text\">Gallery<\/span>\n\t\t\t\t\t<\/span>\n\t\t\t\t\t<\/a>\n\t\t\t\t<\/div>\n\t\t\t\t\t\t\t\t<\/div>\n\t\t\t\t<\/div>\n\t\t\t\t<\/div>\n\t\t<div class=\"elementor-element elementor-element-8f22a95 e-con-full e-flex e-con e-child\" data-id=\"8f22a95\" data-element_type=\"container\" data-e-type=\"container\">\n\t\t\t\t<\/div>\n\t\t\t\t\t<\/div>\n\t\t\t\t<\/div>\n\t\t<div class=\"elementor-element elementor-element-e5b4d77 e-flex e-con-boxed e-con e-parent\" data-id=\"e5b4d77\" data-element_type=\"container\" data-e-type=\"container\">\n\t\t\t\t\t<div class=\"e-con-inner\">\n\t\t\t\t<div class=\"elementor-element elementor-element-938e906 elementor-widget elementor-widget-image\" data-id=\"938e906\" data-element_type=\"widget\" data-e-type=\"widget\" data-widget_type=\"image.default\">\n\t\t\t\t<div class=\"elementor-widget-container\">\n\t\t\t\t\t\t\t\t\t\t\t\t\t\t\t\t<a href=\"https:\/\/pedroabe.online\/wp-content\/uploads\/2024\/11\/20211122_225649114_iOS.png\" data-elementor-open-lightbox=\"yes\" data-elementor-lightbox-title=\"Velocidade\" data-e-action-hash=\"#elementor-action%3Aaction%3Dlightbox%26settings%3DeyJpZCI6MTIyNiwidXJsIjoiaHR0cHM6XC9cL3BlZHJvYWJlLm9ubGluZVwvd3AtY29udGVudFwvdXBsb2Fkc1wvMjAyNFwvMTFcLzIwMjExMTIyXzIyNTY0OTExNF9pT1MucG5nIn0%3D\">\n\t\t\t\t\t\t\t<img fetchpriority=\"high\" decoding=\"async\" width=\"3780\" height=\"2126\" src=\"https:\/\/pedroabe.online\/wp-content\/uploads\/2024\/11\/20211122_225649114_iOS.png\" class=\"attachment-full size-full wp-image-1226\" alt=\"\" srcset=\"https:\/\/pedroabe.online\/wp-content\/uploads\/2024\/11\/20211122_225649114_iOS.png 3780w, https:\/\/pedroabe.online\/wp-content\/uploads\/2024\/11\/20211122_225649114_iOS-300x169.png 300w, https:\/\/pedroabe.online\/wp-content\/uploads\/2024\/11\/20211122_225649114_iOS-1024x576.png 1024w, https:\/\/pedroabe.online\/wp-content\/uploads\/2024\/11\/20211122_225649114_iOS-768x432.png 768w, https:\/\/pedroabe.online\/wp-content\/uploads\/2024\/11\/20211122_225649114_iOS-1536x864.png 1536w, https:\/\/pedroabe.online\/wp-content\/uploads\/2024\/11\/20211122_225649114_iOS-2048x1152.png 2048w\" sizes=\"(max-width: 3780px) 100vw, 3780px\" \/>\t\t\t\t\t\t\t\t<\/a>\n\t\t\t\t\t\t\t\t\t\t\t\t\t\t\t<\/div>\n\t\t\t\t<\/div>\n\t\t\t\t\t<\/div>\n\t\t\t\t<\/div>\n\t\t<div class=\"elementor-element elementor-element-712d0ec e-flex e-con-boxed e-con e-parent\" data-id=\"712d0ec\" data-element_type=\"container\" data-e-type=\"container\">\n\t\t\t\t\t<div class=\"e-con-inner\">\n\t\t\t\t<div class=\"elementor-element elementor-element-ce2ad0d elementor-widget elementor-widget-text-editor\" data-id=\"ce2ad0d\" data-element_type=\"widget\" data-e-type=\"widget\" data-widget_type=\"text-editor.default\">\n\t\t\t\t<div class=\"elementor-widget-container\">\n\t\t\t\t\t\t\t\t\t<p><span style=\"font-weight: 400;\"><strong>Speed<\/strong><br \/>Digital. November, 2021<\/span><\/p><p><span style=\"font-weight: 400;\">I wanted to create something that conveyed a sense of movement and speed. For this drawing, I also imposed a time limit so I would not focus too much on details. This forced me to think more about the overall composition and define the elements with fewer brushstrokes.<\/span><\/p><p><span style=\"font-weight: 400;\">Normally, my digital illustrations take several days or even weeks to complete. This one only took an afternoon.<\/span><\/p>\t\t\t\t\t\t\t\t<\/div>\n\t\t\t\t<\/div>\n\t\t\t\t\t<\/div>\n\t\t\t\t<\/div>\n\t\t<div class=\"elementor-element elementor-element-192f0fc e-flex e-con-boxed e-con e-parent\" data-id=\"192f0fc\" data-element_type=\"container\" data-e-type=\"container\">\n\t\t\t\t\t<div class=\"e-con-inner\">\n\t\t\t\t<div class=\"elementor-element elementor-element-f3d38d9 elementor-widget elementor-widget-spacer\" data-id=\"f3d38d9\" data-element_type=\"widget\" data-e-type=\"widget\" data-widget_type=\"spacer.default\">\n\t\t\t\t<div class=\"elementor-widget-container\">\n\t\t\t\t\t\t\t<div class=\"elementor-spacer\">\n\t\t\t<div class=\"elementor-spacer-inner\"><\/div>\n\t\t<\/div>\n\t\t\t\t\t\t<\/div>\n\t\t\t\t<\/div>\n\t\t\t\t\t<\/div>\n\t\t\t\t<\/div>\n\t\t<div class=\"elementor-element elementor-element-dd804d6 e-flex e-con-boxed e-con e-parent\" data-id=\"dd804d6\" data-element_type=\"container\" data-e-type=\"container\">\n\t\t\t\t\t<div class=\"e-con-inner\">\n\t\t<div class=\"elementor-element elementor-element-196439a e-con-full e-flex e-con e-child\" data-id=\"196439a\" data-element_type=\"container\" data-e-type=\"container\">\n\t\t<div class=\"elementor-element elementor-element-e44c0c4 e-con-full e-flex e-con e-child\" data-id=\"e44c0c4\" data-element_type=\"container\" data-e-type=\"container\">\n\t\t\t\t<div class=\"elementor-element elementor-element-6fe55d2 elementor-widget elementor-widget-image\" data-id=\"6fe55d2\" data-element_type=\"widget\" data-e-type=\"widget\" data-widget_type=\"image.default\">\n\t\t\t\t<div class=\"elementor-widget-container\">\n\t\t\t\t\t\t\t\t\t\t\t\t\t\t\t\t<a href=\"https:\/\/pedroabe.online\/en\/deserto\/\">\n\t\t\t\t\t\t\t<img decoding=\"async\" width=\"150\" height=\"150\" src=\"https:\/\/pedroabe.online\/wp-content\/uploads\/2024\/11\/Seta-L-150x150.png\" class=\"elementor-animation-grow attachment-thumbnail size-thumbnail wp-image-433\" alt=\"\" srcset=\"https:\/\/pedroabe.online\/wp-content\/uploads\/2024\/11\/Seta-L-150x150.png 150w, https:\/\/pedroabe.online\/wp-content\/uploads\/2024\/11\/Seta-L-300x300.png 300w, https:\/\/pedroabe.online\/wp-content\/uploads\/2024\/11\/Seta-L-1024x1024.png 1024w, https:\/\/pedroabe.online\/wp-content\/uploads\/2024\/11\/Seta-L-768x768.png 768w, https:\/\/pedroabe.online\/wp-content\/uploads\/2024\/11\/Seta-L.png 1080w\" sizes=\"(max-width: 150px) 100vw, 150px\" \/>\t\t\t\t\t\t\t\t<\/a>\n\t\t\t\t\t\t\t\t\t\t\t\t\t\t\t<\/div>\n\t\t\t\t<\/div>\n\t\t\t\t<\/div>\n\t\t<div class=\"elementor-element elementor-element-341a197 e-con-full e-flex e-con e-child\" data-id=\"341a197\" data-element_type=\"container\" data-e-type=\"container\">\n\t\t\t\t<div class=\"elementor-element elementor-element-ca72db2 elementor-widget elementor-widget-image\" data-id=\"ca72db2\" data-element_type=\"widget\" data-e-type=\"widget\" data-widget_type=\"image.default\">\n\t\t\t\t<div class=\"elementor-widget-container\">\n\t\t\t\t\t\t\t\t\t\t\t\t\t\t\t\t<a href=\"https:\/\/pedroabe.online\/en\/mimic\/\">\n\t\t\t\t\t\t\t<img decoding=\"async\" width=\"150\" height=\"150\" src=\"https:\/\/pedroabe.online\/wp-content\/uploads\/2024\/11\/Seta-R-150x150.png\" class=\"elementor-animation-grow attachment-thumbnail size-thumbnail wp-image-434\" alt=\"\" srcset=\"https:\/\/pedroabe.online\/wp-content\/uploads\/2024\/11\/Seta-R-150x150.png 150w, https:\/\/pedroabe.online\/wp-content\/uploads\/2024\/11\/Seta-R-300x300.png 300w, https:\/\/pedroabe.online\/wp-content\/uploads\/2024\/11\/Seta-R-1024x1024.png 1024w, https:\/\/pedroabe.online\/wp-content\/uploads\/2024\/11\/Seta-R-768x768.png 768w, https:\/\/pedroabe.online\/wp-content\/uploads\/2024\/11\/Seta-R.png 1080w\" sizes=\"(max-width: 150px) 100vw, 150px\" \/>\t\t\t\t\t\t\t\t<\/a>\n\t\t\t\t\t\t\t\t\t\t\t\t\t\t\t<\/div>\n\t\t\t\t<\/div>\n\t\t\t\t<\/div>\n\t\t\t\t<\/div>\n\t\t\t\t\t<\/div>\n\t\t\t\t<\/div>\n\t\t\t\t<\/div>","protected":false},"excerpt":{"rendered":"<p>Voltar \u00e0 galeria VelocidadeDigital. Novembro, 2021 Queria tentar fazer algo que desse sensa\u00e7\u00e3o de movimento e rapidez. Para esse desenho tamb\u00e9m me impus um limite de tempo para que n\u00e3o eu n\u00e3o focasse tanto em detalhes. Me for\u00e7ando a olhar mais para o macro da pintura e definir os elementos com menos pinceladas. Normalmente em [&hellip;]<\/p>\n","protected":false},"author":1,"featured_media":0,"parent":0,"menu_order":0,"comment_status":"closed","ping_status":"closed","template":"","meta":{"nf_dc_page":"","footnotes":""},"class_list":["post-1263","page","type-page","status-publish","hentry"],"yoast_head":"<!-- This site is optimized with the Yoast SEO plugin v27.4 - https:\/\/yoast.com\/product\/yoast-seo-wordpress\/ -->\n<title>Velocidade - Pedro Abe - Portfolio<\/title>\n<meta name=\"robots\" content=\"index, follow, max-snippet:-1, max-image-preview:large, max-video-preview:-1\" \/>\n<link rel=\"canonical\" href=\"https:\/\/pedroabe.online\/en\/velocidade\/\" \/>\n<meta property=\"og:locale\" content=\"en_US\" \/>\n<meta property=\"og:type\" content=\"article\" \/>\n<meta property=\"og:title\" content=\"Velocidade - Pedro Abe - Portfolio\" \/>\n<meta property=\"og:description\" content=\"Voltar \u00e0 galeria VelocidadeDigital. Novembro, 2021 Queria tentar fazer algo que desse sensa\u00e7\u00e3o de movimento e rapidez. Para esse desenho tamb\u00e9m me impus um limite de tempo para que n\u00e3o eu n\u00e3o focasse tanto em detalhes. Me for\u00e7ando a olhar mais para o macro da pintura e definir os elementos com menos pinceladas. Normalmente em [&hellip;]\" \/>\n<meta property=\"og:url\" content=\"https:\/\/pedroabe.online\/en\/velocidade\/\" \/>\n<meta property=\"og:site_name\" content=\"Pedro Abe - Portfolio\" \/>\n<meta property=\"article:modified_time\" content=\"2024-11-20T18:28:09+00:00\" \/>\n<meta property=\"og:image\" content=\"https:\/\/pedroabe.online\/wp-content\/uploads\/2024\/11\/20211122_225649114_iOS-1024x576.png\" \/>\n\t<meta property=\"og:image:width\" content=\"1024\" \/>\n\t<meta property=\"og:image:height\" content=\"576\" \/>\n\t<meta property=\"og:image:type\" content=\"image\/png\" \/>\n<meta name=\"twitter:card\" content=\"summary_large_image\" \/>\n<script type=\"application\/ld+json\" class=\"yoast-schema-graph\">{\"@context\":\"https:\\\/\\\/schema.org\",\"@graph\":[{\"@type\":\"WebPage\",\"@id\":\"https:\\\/\\\/pedroabe.online\\\/velocidade\\\/\",\"url\":\"https:\\\/\\\/pedroabe.online\\\/velocidade\\\/\",\"name\":\"Velocidade - Pedro Abe - Portfolio\",\"isPartOf\":{\"@id\":\"https:\\\/\\\/pedroabe.online\\\/#website\"},\"primaryImageOfPage\":{\"@id\":\"https:\\\/\\\/pedroabe.online\\\/velocidade\\\/#primaryimage\"},\"image\":{\"@id\":\"https:\\\/\\\/pedroabe.online\\\/velocidade\\\/#primaryimage\"},\"thumbnailUrl\":\"https:\\\/\\\/pedroabe.online\\\/wp-content\\\/uploads\\\/2024\\\/11\\\/20211122_225649114_iOS.png\",\"datePublished\":\"2024-11-20T18:17:07+00:00\",\"dateModified\":\"2024-11-20T18:28:09+00:00\",\"breadcrumb\":{\"@id\":\"https:\\\/\\\/pedroabe.online\\\/velocidade\\\/#breadcrumb\"},\"inLanguage\":\"en-US\",\"potentialAction\":[{\"@type\":\"ReadAction\",\"target\":[\"https:\\\/\\\/pedroabe.online\\\/velocidade\\\/\"]}]},{\"@type\":\"ImageObject\",\"inLanguage\":\"en-US\",\"@id\":\"https:\\\/\\\/pedroabe.online\\\/velocidade\\\/#primaryimage\",\"url\":\"https:\\\/\\\/pedroabe.online\\\/wp-content\\\/uploads\\\/2024\\\/11\\\/20211122_225649114_iOS.png\",\"contentUrl\":\"https:\\\/\\\/pedroabe.online\\\/wp-content\\\/uploads\\\/2024\\\/11\\\/20211122_225649114_iOS.png\"},{\"@type\":\"BreadcrumbList\",\"@id\":\"https:\\\/\\\/pedroabe.online\\\/velocidade\\\/#breadcrumb\",\"itemListElement\":[{\"@type\":\"ListItem\",\"position\":1,\"name\":\"Home\",\"item\":\"https:\\\/\\\/pedroabe.online\\\/\"},{\"@type\":\"ListItem\",\"position\":2,\"name\":\"Velocidade\"}]},{\"@type\":\"WebSite\",\"@id\":\"https:\\\/\\\/pedroabe.online\\\/#website\",\"url\":\"https:\\\/\\\/pedroabe.online\\\/\",\"name\":\"Pedro Abe - Portfolio\",\"description\":\"\",\"publisher\":{\"@id\":\"https:\\\/\\\/pedroabe.online\\\/#organization\"},\"potentialAction\":[{\"@type\":\"SearchAction\",\"target\":{\"@type\":\"EntryPoint\",\"urlTemplate\":\"https:\\\/\\\/pedroabe.online\\\/?s={search_term_string}\"},\"query-input\":{\"@type\":\"PropertyValueSpecification\",\"valueRequired\":true,\"valueName\":\"search_term_string\"}}],\"inLanguage\":\"en-US\"},{\"@type\":\"Organization\",\"@id\":\"https:\\\/\\\/pedroabe.online\\\/#organization\",\"name\":\"Pedro Abe - Portfolio\",\"url\":\"https:\\\/\\\/pedroabe.online\\\/\",\"logo\":{\"@type\":\"ImageObject\",\"inLanguage\":\"en-US\",\"@id\":\"https:\\\/\\\/pedroabe.online\\\/#\\\/schema\\\/logo\\\/image\\\/\",\"url\":\"https:\\\/\\\/pedroabe.online\\\/wp-content\\\/uploads\\\/2024\\\/10\\\/cropped-cropped-polpo.png\",\"contentUrl\":\"https:\\\/\\\/pedroabe.online\\\/wp-content\\\/uploads\\\/2024\\\/10\\\/cropped-cropped-polpo.png\",\"width\":372,\"height\":284,\"caption\":\"Pedro Abe - Portfolio\"},\"image\":{\"@id\":\"https:\\\/\\\/pedroabe.online\\\/#\\\/schema\\\/logo\\\/image\\\/\"}}]}<\/script>\n<!-- \/ Yoast SEO plugin. -->","yoast_head_json":{"title":"Velocidade - Pedro Abe - Portfolio","robots":{"index":"index","follow":"follow","max-snippet":"max-snippet:-1","max-image-preview":"max-image-preview:large","max-video-preview":"max-video-preview:-1"},"canonical":"https:\/\/pedroabe.online\/en\/velocidade\/","og_locale":"en_US","og_type":"article","og_title":"Velocidade - Pedro Abe - Portfolio","og_description":"Voltar \u00e0 galeria VelocidadeDigital. Novembro, 2021 Queria tentar fazer algo que desse sensa\u00e7\u00e3o de movimento e rapidez. Para esse desenho tamb\u00e9m me impus um limite de tempo para que n\u00e3o eu n\u00e3o focasse tanto em detalhes. Me for\u00e7ando a olhar mais para o macro da pintura e definir os elementos com menos pinceladas. Normalmente em [&hellip;]","og_url":"https:\/\/pedroabe.online\/en\/velocidade\/","og_site_name":"Pedro Abe - Portfolio","article_modified_time":"2024-11-20T18:28:09+00:00","og_image":[{"width":1024,"height":576,"url":"https:\/\/pedroabe.online\/wp-content\/uploads\/2024\/11\/20211122_225649114_iOS-1024x576.png","type":"image\/png"}],"twitter_card":"summary_large_image","schema":{"@context":"https:\/\/schema.org","@graph":[{"@type":"WebPage","@id":"https:\/\/pedroabe.online\/velocidade\/","url":"https:\/\/pedroabe.online\/velocidade\/","name":"Velocidade - Pedro Abe - Portfolio","isPartOf":{"@id":"https:\/\/pedroabe.online\/#website"},"primaryImageOfPage":{"@id":"https:\/\/pedroabe.online\/velocidade\/#primaryimage"},"image":{"@id":"https:\/\/pedroabe.online\/velocidade\/#primaryimage"},"thumbnailUrl":"https:\/\/pedroabe.online\/wp-content\/uploads\/2024\/11\/20211122_225649114_iOS.png","datePublished":"2024-11-20T18:17:07+00:00","dateModified":"2024-11-20T18:28:09+00:00","breadcrumb":{"@id":"https:\/\/pedroabe.online\/velocidade\/#breadcrumb"},"inLanguage":"en-US","potentialAction":[{"@type":"ReadAction","target":["https:\/\/pedroabe.online\/velocidade\/"]}]},{"@type":"ImageObject","inLanguage":"en-US","@id":"https:\/\/pedroabe.online\/velocidade\/#primaryimage","url":"https:\/\/pedroabe.online\/wp-content\/uploads\/2024\/11\/20211122_225649114_iOS.png","contentUrl":"https:\/\/pedroabe.online\/wp-content\/uploads\/2024\/11\/20211122_225649114_iOS.png"},{"@type":"BreadcrumbList","@id":"https:\/\/pedroabe.online\/velocidade\/#breadcrumb","itemListElement":[{"@type":"ListItem","position":1,"name":"Home","item":"https:\/\/pedroabe.online\/"},{"@type":"ListItem","position":2,"name":"Velocidade"}]},{"@type":"WebSite","@id":"https:\/\/pedroabe.online\/#website","url":"https:\/\/pedroabe.online\/","name":"Pedro Abe - Portfolio","description":"","publisher":{"@id":"https:\/\/pedroabe.online\/#organization"},"potentialAction":[{"@type":"SearchAction","target":{"@type":"EntryPoint","urlTemplate":"https:\/\/pedroabe.online\/?s={search_term_string}"},"query-input":{"@type":"PropertyValueSpecification","valueRequired":true,"valueName":"search_term_string"}}],"inLanguage":"en-US"},{"@type":"Organization","@id":"https:\/\/pedroabe.online\/#organization","name":"Pedro Abe - Portfolio","url":"https:\/\/pedroabe.online\/","logo":{"@type":"ImageObject","inLanguage":"en-US","@id":"https:\/\/pedroabe.online\/#\/schema\/logo\/image\/","url":"https:\/\/pedroabe.online\/wp-content\/uploads\/2024\/10\/cropped-cropped-polpo.png","contentUrl":"https:\/\/pedroabe.online\/wp-content\/uploads\/2024\/10\/cropped-cropped-polpo.png","width":372,"height":284,"caption":"Pedro Abe - Portfolio"},"image":{"@id":"https:\/\/pedroabe.online\/#\/schema\/logo\/image\/"}}]}},"_links":{"self":[{"href":"https:\/\/pedroabe.online\/en\/wp-json\/wp\/v2\/pages\/1263","targetHints":{"allow":["GET"]}}],"collection":[{"href":"https:\/\/pedroabe.online\/en\/wp-json\/wp\/v2\/pages"}],"about":[{"href":"https:\/\/pedroabe.online\/en\/wp-json\/wp\/v2\/types\/page"}],"author":[{"embeddable":true,"href":"https:\/\/pedroabe.online\/en\/wp-json\/wp\/v2\/users\/1"}],"replies":[{"embeddable":true,"href":"https:\/\/pedroabe.online\/en\/wp-json\/wp\/v2\/comments?post=1263"}],"version-history":[{"count":5,"href":"https:\/\/pedroabe.online\/en\/wp-json\/wp\/v2\/pages\/1263\/revisions"}],"predecessor-version":[{"id":1303,"href":"https:\/\/pedroabe.online\/en\/wp-json\/wp\/v2\/pages\/1263\/revisions\/1303"}],"wp:attachment":[{"href":"https:\/\/pedroabe.online\/en\/wp-json\/wp\/v2\/media?parent=1263"}],"curies":[{"name":"wp","href":"https:\/\/api.w.org\/{rel}","templated":true}]}}