{"id":1245,"date":"2024-11-20T18:06:32","date_gmt":"2024-11-20T18:06:32","guid":{"rendered":"https:\/\/pedroabe.online\/?page_id=1245"},"modified":"2024-11-20T18:31:11","modified_gmt":"2024-11-20T18:31:11","slug":"deserto","status":"publish","type":"page","link":"https:\/\/pedroabe.online\/en\/deserto\/","title":{"rendered":"Desert"},"content":{"rendered":"<div data-elementor-type=\"wp-page\" data-elementor-id=\"1245\" class=\"elementor elementor-1245\">\n\t\t\t\t<div class=\"elementor-element elementor-element-6de699f e-flex e-con-boxed e-con e-parent\" data-id=\"6de699f\" data-element_type=\"container\" data-e-type=\"container\">\n\t\t\t\t\t<div class=\"e-con-inner\">\n\t\t\t\t<div class=\"elementor-element elementor-element-177b88d elementor-widget elementor-widget-spacer\" data-id=\"177b88d\" data-element_type=\"widget\" data-e-type=\"widget\" data-widget_type=\"spacer.default\">\n\t\t\t\t<div class=\"elementor-widget-container\">\n\t\t\t\t\t\t\t<div class=\"elementor-spacer\">\n\t\t\t<div class=\"elementor-spacer-inner\"><\/div>\n\t\t<\/div>\n\t\t\t\t\t\t<\/div>\n\t\t\t\t<\/div>\n\t\t\t\t\t<\/div>\n\t\t\t\t<\/div>\n\t\t<div class=\"elementor-element elementor-element-ee60318 e-flex e-con-boxed e-con e-parent\" data-id=\"ee60318\" data-element_type=\"container\" data-e-type=\"container\">\n\t\t\t\t\t<div class=\"e-con-inner\">\n\t\t<div class=\"elementor-element elementor-element-825e92a e-con-full e-flex e-con e-child\" data-id=\"825e92a\" data-element_type=\"container\" data-e-type=\"container\">\n\t\t\t\t<div class=\"elementor-element elementor-element-1d3be4e elementor-widget elementor-widget-button\" data-id=\"1d3be4e\" data-element_type=\"widget\" data-e-type=\"widget\" data-widget_type=\"button.default\">\n\t\t\t\t<div class=\"elementor-widget-container\">\n\t\t\t\t\t\t\t\t\t<div class=\"elementor-button-wrapper\">\n\t\t\t\t\t<a class=\"elementor-button elementor-button-link elementor-size-sm\" href=\"https:\/\/pedroabe.online\/en\/ilustracoes\/\">\n\t\t\t\t\t\t<span class=\"elementor-button-content-wrapper\">\n\t\t\t\t\t\t<span class=\"elementor-button-icon\">\n\t\t\t\t<i aria-hidden=\"true\" class=\"icon icon-squares\"><\/i>\t\t\t<\/span>\n\t\t\t\t\t\t\t\t\t<span class=\"elementor-button-text\">Gallery<\/span>\n\t\t\t\t\t<\/span>\n\t\t\t\t\t<\/a>\n\t\t\t\t<\/div>\n\t\t\t\t\t\t\t\t<\/div>\n\t\t\t\t<\/div>\n\t\t\t\t<\/div>\n\t\t<div class=\"elementor-element elementor-element-085f652 e-con-full e-flex e-con e-child\" data-id=\"085f652\" data-element_type=\"container\" data-e-type=\"container\">\n\t\t\t\t<\/div>\n\t\t\t\t\t<\/div>\n\t\t\t\t<\/div>\n\t\t<div class=\"elementor-element elementor-element-1652163 e-flex e-con-boxed e-con e-parent\" data-id=\"1652163\" data-element_type=\"container\" data-e-type=\"container\">\n\t\t\t\t\t<div class=\"e-con-inner\">\n\t\t\t\t<div class=\"elementor-element elementor-element-dcb40e5 elementor-widget elementor-widget-image\" data-id=\"dcb40e5\" data-element_type=\"widget\" data-e-type=\"widget\" data-widget_type=\"image.default\">\n\t\t\t\t<div class=\"elementor-widget-container\">\n\t\t\t\t\t\t\t\t\t\t\t\t\t\t\t\t<a href=\"https:\/\/pedroabe.online\/wp-content\/uploads\/2024\/11\/20201025_145748000_iOS.png\" data-elementor-open-lightbox=\"yes\" data-elementor-lightbox-title=\"Deserto\" data-e-action-hash=\"#elementor-action%3Aaction%3Dlightbox%26settings%3DeyJpZCI6MTI0NywidXJsIjoiaHR0cHM6XC9cL3BlZHJvYWJlLm9ubGluZVwvd3AtY29udGVudFwvdXBsb2Fkc1wvMjAyNFwvMTFcLzIwMjAxMDI1XzE0NTc0ODAwMF9pT1MucG5nIn0%3D\">\n\t\t\t\t\t\t\t<img fetchpriority=\"high\" decoding=\"async\" width=\"2480\" height=\"3508\" src=\"https:\/\/pedroabe.online\/wp-content\/uploads\/2024\/11\/20201025_145748000_iOS.png\" class=\"attachment-full size-full wp-image-1247\" alt=\"\" srcset=\"https:\/\/pedroabe.online\/wp-content\/uploads\/2024\/11\/20201025_145748000_iOS.png 2480w, https:\/\/pedroabe.online\/wp-content\/uploads\/2024\/11\/20201025_145748000_iOS-212x300.png 212w, https:\/\/pedroabe.online\/wp-content\/uploads\/2024\/11\/20201025_145748000_iOS-724x1024.png 724w, https:\/\/pedroabe.online\/wp-content\/uploads\/2024\/11\/20201025_145748000_iOS-768x1086.png 768w, https:\/\/pedroabe.online\/wp-content\/uploads\/2024\/11\/20201025_145748000_iOS-1086x1536.png 1086w, https:\/\/pedroabe.online\/wp-content\/uploads\/2024\/11\/20201025_145748000_iOS-1448x2048.png 1448w\" sizes=\"(max-width: 2480px) 100vw, 2480px\" \/>\t\t\t\t\t\t\t\t<\/a>\n\t\t\t\t\t\t\t\t\t\t\t\t\t\t\t<\/div>\n\t\t\t\t<\/div>\n\t\t\t\t\t<\/div>\n\t\t\t\t<\/div>\n\t\t<div class=\"elementor-element elementor-element-875e17e e-flex e-con-boxed e-con e-parent\" data-id=\"875e17e\" data-element_type=\"container\" data-e-type=\"container\">\n\t\t\t\t\t<div class=\"e-con-inner\">\n\t\t<div class=\"elementor-element elementor-element-f277f2f e-con-full e-flex e-con e-child\" data-id=\"f277f2f\" data-element_type=\"container\" data-e-type=\"container\">\n\t\t\t\t<div class=\"elementor-element elementor-element-673ef67 elementor-widget elementor-widget-text-editor\" data-id=\"673ef67\" data-element_type=\"widget\" data-e-type=\"widget\" data-widget_type=\"text-editor.default\">\n\t\t\t\t<div class=\"elementor-widget-container\">\n\t\t\t\t\t\t\t\t\t<p><span style=\"font-weight: 400;\"><strong>Desert<\/strong><br \/>Digital. October, 2020<\/span><\/p><p><span style=\"font-weight: 400;\">When I made this illustration, I was studying composition. To practice, I applied the 'rule of thirds.' With this type of composition, the canvas is divided into nine parts with four lines. The points of interest in the illustration (usually two) are placed near the intersections of these lines. Vertical lines, such as those from buildings, and horizontals, like the horizon line, are also positioned near these divisions.<\/span><\/p>\t\t\t\t\t\t\t\t<\/div>\n\t\t\t\t<\/div>\n\t\t\t\t<\/div>\n\t\t<div class=\"elementor-element elementor-element-0af4516 e-con-full e-flex e-con e-child\" data-id=\"0af4516\" data-element_type=\"container\" data-e-type=\"container\">\n\t\t\t\t<\/div>\n\t\t\t\t\t<\/div>\n\t\t\t\t<\/div>\n\t\t<div class=\"elementor-element elementor-element-9646bd6 e-flex e-con-boxed e-con e-parent\" data-id=\"9646bd6\" data-element_type=\"container\" data-e-type=\"container\">\n\t\t\t\t\t<div class=\"e-con-inner\">\n\t\t\t\t<div class=\"elementor-element elementor-element-e8a85d7 elementor-widget elementor-widget-spacer\" data-id=\"e8a85d7\" data-element_type=\"widget\" data-e-type=\"widget\" data-widget_type=\"spacer.default\">\n\t\t\t\t<div class=\"elementor-widget-container\">\n\t\t\t\t\t\t\t<div class=\"elementor-spacer\">\n\t\t\t<div class=\"elementor-spacer-inner\"><\/div>\n\t\t<\/div>\n\t\t\t\t\t\t<\/div>\n\t\t\t\t<\/div>\n\t\t\t\t\t<\/div>\n\t\t\t\t<\/div>\n\t\t<div class=\"elementor-element elementor-element-5f86bbb e-flex e-con-boxed e-con e-parent\" data-id=\"5f86bbb\" data-element_type=\"container\" data-e-type=\"container\">\n\t\t\t\t\t<div class=\"e-con-inner\">\n\t\t<div class=\"elementor-element elementor-element-a650393 e-con-full e-flex e-con e-child\" data-id=\"a650393\" data-element_type=\"container\" data-e-type=\"container\">\n\t\t<div class=\"elementor-element elementor-element-f1bd981 e-con-full e-flex e-con e-child\" data-id=\"f1bd981\" data-element_type=\"container\" data-e-type=\"container\">\n\t\t\t\t<div class=\"elementor-element elementor-element-70ebf44 elementor-widget elementor-widget-image\" data-id=\"70ebf44\" data-element_type=\"widget\" data-e-type=\"widget\" data-widget_type=\"image.default\">\n\t\t\t\t<div class=\"elementor-widget-container\">\n\t\t\t\t\t\t\t\t\t\t\t\t\t\t\t\t<a href=\"https:\/\/pedroabe.online\/en\/manchas\/\">\n\t\t\t\t\t\t\t<img decoding=\"async\" width=\"150\" height=\"150\" src=\"https:\/\/pedroabe.online\/wp-content\/uploads\/2024\/11\/Seta-L-150x150.png\" class=\"elementor-animation-grow attachment-thumbnail size-thumbnail wp-image-433\" alt=\"\" srcset=\"https:\/\/pedroabe.online\/wp-content\/uploads\/2024\/11\/Seta-L-150x150.png 150w, https:\/\/pedroabe.online\/wp-content\/uploads\/2024\/11\/Seta-L-300x300.png 300w, https:\/\/pedroabe.online\/wp-content\/uploads\/2024\/11\/Seta-L-1024x1024.png 1024w, https:\/\/pedroabe.online\/wp-content\/uploads\/2024\/11\/Seta-L-768x768.png 768w, https:\/\/pedroabe.online\/wp-content\/uploads\/2024\/11\/Seta-L.png 1080w\" sizes=\"(max-width: 150px) 100vw, 150px\" \/>\t\t\t\t\t\t\t\t<\/a>\n\t\t\t\t\t\t\t\t\t\t\t\t\t\t\t<\/div>\n\t\t\t\t<\/div>\n\t\t\t\t<\/div>\n\t\t<div class=\"elementor-element elementor-element-f1adf0e e-con-full e-flex e-con e-child\" data-id=\"f1adf0e\" data-element_type=\"container\" data-e-type=\"container\">\n\t\t\t\t<div class=\"elementor-element elementor-element-d7fe94a elementor-widget elementor-widget-image\" data-id=\"d7fe94a\" data-element_type=\"widget\" data-e-type=\"widget\" data-widget_type=\"image.default\">\n\t\t\t\t<div class=\"elementor-widget-container\">\n\t\t\t\t\t\t\t\t\t\t\t\t\t\t\t\t<a href=\"https:\/\/pedroabe.online\/en\/velocidade\/\">\n\t\t\t\t\t\t\t<img decoding=\"async\" width=\"150\" height=\"150\" src=\"https:\/\/pedroabe.online\/wp-content\/uploads\/2024\/11\/Seta-R-150x150.png\" class=\"elementor-animation-grow attachment-thumbnail size-thumbnail wp-image-434\" alt=\"\" srcset=\"https:\/\/pedroabe.online\/wp-content\/uploads\/2024\/11\/Seta-R-150x150.png 150w, https:\/\/pedroabe.online\/wp-content\/uploads\/2024\/11\/Seta-R-300x300.png 300w, https:\/\/pedroabe.online\/wp-content\/uploads\/2024\/11\/Seta-R-1024x1024.png 1024w, https:\/\/pedroabe.online\/wp-content\/uploads\/2024\/11\/Seta-R-768x768.png 768w, https:\/\/pedroabe.online\/wp-content\/uploads\/2024\/11\/Seta-R.png 1080w\" sizes=\"(max-width: 150px) 100vw, 150px\" \/>\t\t\t\t\t\t\t\t<\/a>\n\t\t\t\t\t\t\t\t\t\t\t\t\t\t\t<\/div>\n\t\t\t\t<\/div>\n\t\t\t\t<\/div>\n\t\t\t\t<\/div>\n\t\t\t\t\t<\/div>\n\t\t\t\t<\/div>\n\t\t\t\t<\/div>","protected":false},"excerpt":{"rendered":"<p>Voltar \u00e0 galeria DesertoDigital. Outubro, 2020 Quando fiz essa ilustra\u00e7\u00e3o estava estudando sobre composi\u00e7\u00e3o. Para praticar usei a \u201cregra dos ter\u00e7os\u201d. Com esse tipo de composi\u00e7\u00e3o, se divide a tela em nove partes com 4 linhas. Os pontos de interesse da ilustra\u00e7\u00e3o (comumente 2) s\u00e3o posicionados pr\u00f3ximos das intersec\u00e7\u00f5es dessas linhas. Linhas verticais, como as [&hellip;]<\/p>\n","protected":false},"author":1,"featured_media":0,"parent":0,"menu_order":0,"comment_status":"closed","ping_status":"closed","template":"","meta":{"nf_dc_page":"","footnotes":""},"class_list":["post-1245","page","type-page","status-publish","hentry"],"yoast_head":"<!-- This site is optimized with the Yoast SEO plugin v27.4 - https:\/\/yoast.com\/product\/yoast-seo-wordpress\/ -->\n<title>Deserto - Pedro Abe - Portfolio<\/title>\n<meta name=\"robots\" content=\"index, follow, max-snippet:-1, max-image-preview:large, max-video-preview:-1\" \/>\n<link rel=\"canonical\" href=\"https:\/\/pedroabe.online\/en\/deserto\/\" \/>\n<meta property=\"og:locale\" content=\"en_US\" \/>\n<meta property=\"og:type\" content=\"article\" \/>\n<meta property=\"og:title\" content=\"Deserto - Pedro Abe - Portfolio\" \/>\n<meta property=\"og:description\" content=\"Voltar \u00e0 galeria DesertoDigital. Outubro, 2020 Quando fiz essa ilustra\u00e7\u00e3o estava estudando sobre composi\u00e7\u00e3o. Para praticar usei a \u201cregra dos ter\u00e7os\u201d. Com esse tipo de composi\u00e7\u00e3o, se divide a tela em nove partes com 4 linhas. Os pontos de interesse da ilustra\u00e7\u00e3o (comumente 2) s\u00e3o posicionados pr\u00f3ximos das intersec\u00e7\u00f5es dessas linhas. Linhas verticais, como as [&hellip;]\" \/>\n<meta property=\"og:url\" content=\"https:\/\/pedroabe.online\/en\/deserto\/\" \/>\n<meta property=\"og:site_name\" content=\"Pedro Abe - Portfolio\" \/>\n<meta property=\"article:modified_time\" content=\"2024-11-20T18:31:11+00:00\" \/>\n<meta property=\"og:image\" content=\"https:\/\/pedroabe.online\/wp-content\/uploads\/2024\/11\/20201025_145748000_iOS-724x1024.png\" \/>\n\t<meta property=\"og:image:width\" content=\"724\" \/>\n\t<meta property=\"og:image:height\" content=\"1024\" \/>\n\t<meta property=\"og:image:type\" content=\"image\/png\" \/>\n<meta name=\"twitter:card\" content=\"summary_large_image\" \/>\n<meta name=\"twitter:label1\" content=\"Est. reading time\" \/>\n\t<meta name=\"twitter:data1\" content=\"1 minute\" \/>\n<script type=\"application\/ld+json\" class=\"yoast-schema-graph\">{\"@context\":\"https:\\\/\\\/schema.org\",\"@graph\":[{\"@type\":\"WebPage\",\"@id\":\"https:\\\/\\\/pedroabe.online\\\/deserto\\\/\",\"url\":\"https:\\\/\\\/pedroabe.online\\\/deserto\\\/\",\"name\":\"Deserto - Pedro Abe - Portfolio\",\"isPartOf\":{\"@id\":\"https:\\\/\\\/pedroabe.online\\\/#website\"},\"primaryImageOfPage\":{\"@id\":\"https:\\\/\\\/pedroabe.online\\\/deserto\\\/#primaryimage\"},\"image\":{\"@id\":\"https:\\\/\\\/pedroabe.online\\\/deserto\\\/#primaryimage\"},\"thumbnailUrl\":\"https:\\\/\\\/pedroabe.online\\\/wp-content\\\/uploads\\\/2024\\\/11\\\/20201025_145748000_iOS.png\",\"datePublished\":\"2024-11-20T18:06:32+00:00\",\"dateModified\":\"2024-11-20T18:31:11+00:00\",\"breadcrumb\":{\"@id\":\"https:\\\/\\\/pedroabe.online\\\/deserto\\\/#breadcrumb\"},\"inLanguage\":\"en-US\",\"potentialAction\":[{\"@type\":\"ReadAction\",\"target\":[\"https:\\\/\\\/pedroabe.online\\\/deserto\\\/\"]}]},{\"@type\":\"ImageObject\",\"inLanguage\":\"en-US\",\"@id\":\"https:\\\/\\\/pedroabe.online\\\/deserto\\\/#primaryimage\",\"url\":\"https:\\\/\\\/pedroabe.online\\\/wp-content\\\/uploads\\\/2024\\\/11\\\/20201025_145748000_iOS.png\",\"contentUrl\":\"https:\\\/\\\/pedroabe.online\\\/wp-content\\\/uploads\\\/2024\\\/11\\\/20201025_145748000_iOS.png\"},{\"@type\":\"BreadcrumbList\",\"@id\":\"https:\\\/\\\/pedroabe.online\\\/deserto\\\/#breadcrumb\",\"itemListElement\":[{\"@type\":\"ListItem\",\"position\":1,\"name\":\"Home\",\"item\":\"https:\\\/\\\/pedroabe.online\\\/\"},{\"@type\":\"ListItem\",\"position\":2,\"name\":\"Deserto\"}]},{\"@type\":\"WebSite\",\"@id\":\"https:\\\/\\\/pedroabe.online\\\/#website\",\"url\":\"https:\\\/\\\/pedroabe.online\\\/\",\"name\":\"Pedro Abe - Portfolio\",\"description\":\"\",\"publisher\":{\"@id\":\"https:\\\/\\\/pedroabe.online\\\/#organization\"},\"potentialAction\":[{\"@type\":\"SearchAction\",\"target\":{\"@type\":\"EntryPoint\",\"urlTemplate\":\"https:\\\/\\\/pedroabe.online\\\/?s={search_term_string}\"},\"query-input\":{\"@type\":\"PropertyValueSpecification\",\"valueRequired\":true,\"valueName\":\"search_term_string\"}}],\"inLanguage\":\"en-US\"},{\"@type\":\"Organization\",\"@id\":\"https:\\\/\\\/pedroabe.online\\\/#organization\",\"name\":\"Pedro Abe - Portfolio\",\"url\":\"https:\\\/\\\/pedroabe.online\\\/\",\"logo\":{\"@type\":\"ImageObject\",\"inLanguage\":\"en-US\",\"@id\":\"https:\\\/\\\/pedroabe.online\\\/#\\\/schema\\\/logo\\\/image\\\/\",\"url\":\"https:\\\/\\\/pedroabe.online\\\/wp-content\\\/uploads\\\/2024\\\/10\\\/cropped-cropped-polpo.png\",\"contentUrl\":\"https:\\\/\\\/pedroabe.online\\\/wp-content\\\/uploads\\\/2024\\\/10\\\/cropped-cropped-polpo.png\",\"width\":372,\"height\":284,\"caption\":\"Pedro Abe - Portfolio\"},\"image\":{\"@id\":\"https:\\\/\\\/pedroabe.online\\\/#\\\/schema\\\/logo\\\/image\\\/\"}}]}<\/script>\n<!-- \/ Yoast SEO plugin. -->","yoast_head_json":{"title":"Deserto - Pedro Abe - Portfolio","robots":{"index":"index","follow":"follow","max-snippet":"max-snippet:-1","max-image-preview":"max-image-preview:large","max-video-preview":"max-video-preview:-1"},"canonical":"https:\/\/pedroabe.online\/en\/deserto\/","og_locale":"en_US","og_type":"article","og_title":"Deserto - Pedro Abe - Portfolio","og_description":"Voltar \u00e0 galeria DesertoDigital. Outubro, 2020 Quando fiz essa ilustra\u00e7\u00e3o estava estudando sobre composi\u00e7\u00e3o. Para praticar usei a \u201cregra dos ter\u00e7os\u201d. Com esse tipo de composi\u00e7\u00e3o, se divide a tela em nove partes com 4 linhas. Os pontos de interesse da ilustra\u00e7\u00e3o (comumente 2) s\u00e3o posicionados pr\u00f3ximos das intersec\u00e7\u00f5es dessas linhas. Linhas verticais, como as [&hellip;]","og_url":"https:\/\/pedroabe.online\/en\/deserto\/","og_site_name":"Pedro Abe - Portfolio","article_modified_time":"2024-11-20T18:31:11+00:00","og_image":[{"width":724,"height":1024,"url":"https:\/\/pedroabe.online\/wp-content\/uploads\/2024\/11\/20201025_145748000_iOS-724x1024.png","type":"image\/png"}],"twitter_card":"summary_large_image","twitter_misc":{"Est. reading time":"1 minute"},"schema":{"@context":"https:\/\/schema.org","@graph":[{"@type":"WebPage","@id":"https:\/\/pedroabe.online\/deserto\/","url":"https:\/\/pedroabe.online\/deserto\/","name":"Deserto - Pedro Abe - Portfolio","isPartOf":{"@id":"https:\/\/pedroabe.online\/#website"},"primaryImageOfPage":{"@id":"https:\/\/pedroabe.online\/deserto\/#primaryimage"},"image":{"@id":"https:\/\/pedroabe.online\/deserto\/#primaryimage"},"thumbnailUrl":"https:\/\/pedroabe.online\/wp-content\/uploads\/2024\/11\/20201025_145748000_iOS.png","datePublished":"2024-11-20T18:06:32+00:00","dateModified":"2024-11-20T18:31:11+00:00","breadcrumb":{"@id":"https:\/\/pedroabe.online\/deserto\/#breadcrumb"},"inLanguage":"en-US","potentialAction":[{"@type":"ReadAction","target":["https:\/\/pedroabe.online\/deserto\/"]}]},{"@type":"ImageObject","inLanguage":"en-US","@id":"https:\/\/pedroabe.online\/deserto\/#primaryimage","url":"https:\/\/pedroabe.online\/wp-content\/uploads\/2024\/11\/20201025_145748000_iOS.png","contentUrl":"https:\/\/pedroabe.online\/wp-content\/uploads\/2024\/11\/20201025_145748000_iOS.png"},{"@type":"BreadcrumbList","@id":"https:\/\/pedroabe.online\/deserto\/#breadcrumb","itemListElement":[{"@type":"ListItem","position":1,"name":"Home","item":"https:\/\/pedroabe.online\/"},{"@type":"ListItem","position":2,"name":"Deserto"}]},{"@type":"WebSite","@id":"https:\/\/pedroabe.online\/#website","url":"https:\/\/pedroabe.online\/","name":"Pedro Abe - Portfolio","description":"","publisher":{"@id":"https:\/\/pedroabe.online\/#organization"},"potentialAction":[{"@type":"SearchAction","target":{"@type":"EntryPoint","urlTemplate":"https:\/\/pedroabe.online\/?s={search_term_string}"},"query-input":{"@type":"PropertyValueSpecification","valueRequired":true,"valueName":"search_term_string"}}],"inLanguage":"en-US"},{"@type":"Organization","@id":"https:\/\/pedroabe.online\/#organization","name":"Pedro Abe - Portfolio","url":"https:\/\/pedroabe.online\/","logo":{"@type":"ImageObject","inLanguage":"en-US","@id":"https:\/\/pedroabe.online\/#\/schema\/logo\/image\/","url":"https:\/\/pedroabe.online\/wp-content\/uploads\/2024\/10\/cropped-cropped-polpo.png","contentUrl":"https:\/\/pedroabe.online\/wp-content\/uploads\/2024\/10\/cropped-cropped-polpo.png","width":372,"height":284,"caption":"Pedro Abe - Portfolio"},"image":{"@id":"https:\/\/pedroabe.online\/#\/schema\/logo\/image\/"}}]}},"_links":{"self":[{"href":"https:\/\/pedroabe.online\/en\/wp-json\/wp\/v2\/pages\/1245","targetHints":{"allow":["GET"]}}],"collection":[{"href":"https:\/\/pedroabe.online\/en\/wp-json\/wp\/v2\/pages"}],"about":[{"href":"https:\/\/pedroabe.online\/en\/wp-json\/wp\/v2\/types\/page"}],"author":[{"embeddable":true,"href":"https:\/\/pedroabe.online\/en\/wp-json\/wp\/v2\/users\/1"}],"replies":[{"embeddable":true,"href":"https:\/\/pedroabe.online\/en\/wp-json\/wp\/v2\/comments?post=1245"}],"version-history":[{"count":5,"href":"https:\/\/pedroabe.online\/en\/wp-json\/wp\/v2\/pages\/1245\/revisions"}],"predecessor-version":[{"id":1311,"href":"https:\/\/pedroabe.online\/en\/wp-json\/wp\/v2\/pages\/1245\/revisions\/1311"}],"wp:attachment":[{"href":"https:\/\/pedroabe.online\/en\/wp-json\/wp\/v2\/media?parent=1245"}],"curies":[{"name":"wp","href":"https:\/\/api.w.org\/{rel}","templated":true}]}}